{"id":1343,"date":"2023-02-19T22:52:34","date_gmt":"2023-02-19T21:52:34","guid":{"rendered":"https:\/\/sma-hundisburg.de\/agb\/"},"modified":"2023-02-21T22:56:44","modified_gmt":"2023-02-21T21:56:44","slug":"agb","status":"publish","type":"page","link":"https:\/\/sma-hundisburg.de\/en\/agb\/","title":{"rendered":"AGB"},"content":{"rendered":"<p><strong>\u00a7 1 Grundlegende Bestimmungen<\/strong><\/p><p>1) Die nachstehenden Gesch\u00e4ftsbedingungen gelten f\u00fcr Vertr\u00e4ge die \u00fcber htttp:\/\/sma-hundisburg.de geschlossen werden. Soweit nicht anders vereinbart, wird\u00a0eigens\u00a0von Ihnen verwendeten Bedingungen widersprochen.<\/p><p>2) Verbraucher im Sinne dieser Regelung ist jede nat\u00fcrliche Person, die ein Rechtsgesch\u00e4ft mit privaten Anliegen abschlie\u00dft. &nbsp;Unternehmer ist jede nat\u00fcrliche oder juristische Person, die bei Abschluss des&nbsp;Rechtsgesch\u00e4fts&nbsp;im Sinne ihrer&nbsp;beruflichen oder gewerblichen Interessen&nbsp;handelt.<\/p><p><strong>\u00a7 2 Zustandekommen des Vertrages<\/strong><\/p><p>1) Vertragsgegenstand ist der Verkauf von Waren.<\/p><p>2) Mit der Bereitstellung eines Produktes in unserem Shop unterbreiten wir unseren Kunden&nbsp;ein verbindliches Angebot zum Abschluss eines Kaufvertrages.<\/p><p>3)&nbsp;Alle zum Kauf beabsichtigten Produkte werden vom Kunden im \u201eWarenkorb\u201c&nbsp;abgelegt.&nbsp;Nach Eingabe der pers\u00f6nlichen Daten und Zahlungsinformationen hat der Kunde die M\u00f6glichkeit alle eingegebenen Informationen zu \u00fcberpr\u00fcfen.&nbsp;Mit dem Absenden der Bestellung durch Klick auf die daf\u00fcr vorgesehene Schaltfl\u00e4che erkl\u00e4rt der Kunde rechtsverbindlich die Annahme des Angebotes. Damit ist der Kaufvertrag zustande gekommen.&nbsp;Bei der Zahlungs-Option \u00fcber Payment-Dienstleister wie PayPal oder Sofort\u00fcberweisung, wird der Kunde von unserem unserem Onlineshop auf die&nbsp;Webseite&nbsp;des Anbieters weitergeleitet. Nach Eingabe aller erforderlichen Daten wird der Kunde abschlie\u00dfend zur\u00fcck in unseren Shop geleitet.<\/p><p>4) Die \u00dcbermittlung aller Informationen im Zusammenhang mit dem Vertragsschluss erfolgt automatisiert per E-Mail. Der Kunde hat daher sicherzustellen, dass die bei uns hinterlegte E-Mail-Adresse erreichbar ist.<\/p><p><strong>\u00a7 3 Eigentumsvorbehalt und&nbsp;Zur\u00fcckbehaltungsrecht<\/strong><\/p><p>1) Ein Zur\u00fcckbehaltungsrecht kann vom Kunden nur dann ausge\u00fcbt werden, sofern es nicht Forderungen aus selbigem Vertragsverh\u00e4ltnis sind.<\/p><p>2) Bis zur vollst\u00e4ndigen Zahlung des Kaufpreises bleibt die Ware Eigentum des Shop-Betreibers.<\/p><p><strong>\u00a7 4 Bestimmungen zur Haftung<\/strong><\/p><p>1) F\u00fcr Sch\u00e4den an K\u00f6rper oder der Gesundheit haften wir uneingeschr\u00e4nkt, sowie in F\u00e4llen des Vorsatzes und grober Fahrl\u00e4ssigkeit. Weiterhin bei arglistigem Verschweigen eines Mangels und in allen anderen gesetzlich geregelten F\u00e4llen. Die Haftung f\u00fcr M\u00e4ngel im Rahmen der gesetzlichen Gew\u00e4hrleistung ist der entsprechenden Regelung in unseren Kundeninformationen zu entnehmen.<\/p><p>2) Sofern wesentliche Vertragspflichten nicht erf\u00fcllt werden, ist die Haftung des Onlineshops bei leichter Fahrl\u00e4ssigkeit auf den vorhersehbaren, vertragstypischen Schaden beschr\u00e4nkt.<\/p><p>3) Bei der Verletzung unwesentlicher Pflichten die aus dem Vertrag hervorgehen, ist die Haftung bei leicht fahrl\u00e4ssigen Pflichtverletzungen ausgeschlossen.<\/p><p>4) Es erfolgt keine Haftung f\u00fcr die stetige Verf\u00fcgbarkeit dieser Website und der darauf angebotenen Waren.<\/p><p><strong>\u00a7 5 Rechtswahl<\/strong><\/p><p>1) Es gilt deutsches Recht. Die Bestimmungen des UN-Kaufrechts finden ausdr\u00fccklich keine Anwendung.<\/p><p><strong>\u00a7 6&nbsp;Streitbeilegung<\/strong><\/p><p>1) Die Europ\u00e4ische Kommission stellt f\u00fcr die au\u00dfergerichtliche Online-Streitbeilegung eine Plattform bereit (OS-Plattform), die unter&nbsp;<a href=\"http:\/\/ec.europa.eu\/odr\" target=\"_blank\" rel=\"noreferrer noopener\">http:\/\/ec.europa.eu\/odr<\/a>&nbsp;abrufbar ist.<\/p><p><strong>\u00a7 7 Vertragssprache, Vertragstextspeicherung<\/strong><\/p><p>1)&nbsp;&nbsp;Vertragssprache ist deutsch.<\/p><p>2) Der vollst\u00e4ndige Vertragstext wird von uns nicht gespeichert. Kunden k\u00f6nnen dies vor Absenden der Bestellung \u00fcber die Druckfunktion des Browsers elektronisch sichern.<\/p><p><strong>\u00a7 8&nbsp;Preise und Zahlungsmodalit\u00e4ten&nbsp;Merkmale der Waren<\/strong><\/p><p>1) Die ausgewiesenen Preise sowie die Versandkosten stellen Brutto-Preise dar.<\/p><p>2) Versandkosten sind nicht im Kaufpreis enthalten. Sie sind explizit gekennzeichnet oder werden im Laufe des Bestellvorganges gesondert ausgewiesen und sind vom Kunden zus\u00e4tzlich zu tragen, soweit nicht eine kostenfreie Lieferung zugesagt ist.<\/p><p>3) Die zur Verf\u00fcgung stehenden Zahlungsmethoden sind auf unserer Webseite oder in der jeweiligen Artikelbeschreibung ausgewiesen, sp\u00e4testens aber im abschlie\u00dfenden Bestellprozess an der \u201eKasse\u201c genannt. Soweit nicht anders angegeben, sind die Zahlungsanspr\u00fcche aus dem Vertrag unmittelbar zur Zahlung f\u00e4llig.<\/p><p>4) Die wesentlichen Merkmale der Ware und\/oder Dienstleistung finden sich in der Artikelbeschreibung und den erg\u00e4nzenden Angaben auf unserer Internetseite.<\/p><p><strong>\u00a7 9&nbsp;Lieferbedingungen<\/strong><\/p><p>1) Lieferbedingungen, Lieferzeit sowie ggf. bestehende Beschr\u00e4nkungen zur Lieferung finden sich unter dem &nbsp;entsprechend bezeichneten Link in unserem Onlineshop oder in der jeweiligen Artikelbeschreibung.<\/p><p>2) F\u00fcr Verbraucher gilt, dass die Gefahr des zuf\u00e4lligen Untergangs oder der Verschlechterung der verkauften Ware w\u00e4hrend der Versendung erst mit der \u00dcbergabe der Ware an den Kunden \u00fcbergeht. Die Regelung gilt unabh\u00e4ngig davon, ob die Versendung versichert oder unversichert erfolgt.<\/p><p><strong>\u00a7&nbsp;10&nbsp;Gesetzliches M\u00e4ngelhaftungsrecht<\/strong><\/p><p>1) Die gesetzlichen M\u00e4ngelhaftungsrechte haben bestand.<\/p><p>2)&nbsp;Verbraucher werden gebeten, die Ware bei Lieferung auf Vollst\u00e4ndigkeit, offensichtliche M\u00e4ngel und Transportsch\u00e4den zu \u00fcberpr\u00fcfen und dem Shop-Betreiber schnellstm\u00f6glich mitzuteilen. Wird dem nicht vom Kunden nachgekommen hat dies keine Auswirkung auf seine gesetzlichen Gew\u00e4hrleistungsanspr\u00fcche.<\/p><p><strong>Quelle:<\/strong>&nbsp;Diese AGB und Kundeninformationen f\u00fcr Onlineshops wurden mit der Vorlage von&nbsp;<a href=\"https:\/\/website-tutor.com\/agb-muster\/\" target=\"_blank\" rel=\"noreferrer noopener\">Website-Tutor.com<\/a>&nbsp;erstellt.<\/p>","protected":false},"excerpt":{"rendered":"<p>\u00a7 1 Grundlegende Bestimmungen 1) Die nachstehenden Gesch\u00e4ftsbedingungen gelten f\u00fcr Vertr\u00e4ge die \u00fcber htttp:\/\/sma-hundisburg.de geschlossen werden. Soweit nicht anders vereinbart, wird\u00a0eigens\u00a0von Ihnen verwendeten Bedingungen widersprochen. 2) Verbraucher im Sinne dieser Regelung ist jede nat\u00fcrliche Person, die ein Rechtsgesch\u00e4ft mit privaten Anliegen abschlie\u00dft. &nbsp;Unternehmer ist jede nat\u00fcrliche oder juristische Person, die bei Abschluss des&nbsp;Rechtsgesch\u00e4fts&nbsp;im Sinne ihrer&nbsp;beruflichen [&hellip;]<\/p>","protected":false},"author":1,"featured_media":0,"parent":0,"menu_order":0,"comment_status":"closed","ping_status":"closed","template":"","meta":{"_acf_changed":false,"ct_builder_shortcodes":"","ct_template_type":"","ct_parent_template":0,"footnotes":""},"class_list":["post-1343","page","type-page","status-publish","hentry"],"acf":[],"yoast_head":"<!-- This site is optimized with the Yoast SEO plugin v24.5 - https:\/\/yoast.com\/wordpress\/plugins\/seo\/ -->\n<title>AGB - SommerMusikAkademie Schloss Hundisburg<\/title>\n<meta name=\"robots\" content=\"index, follow, max-snippet:-1, max-image-preview:large, max-video-preview:-1\" \/>\n<link rel=\"canonical\" href=\"https:\/\/sma-hundisburg.de\/en\/agb\/\" \/>\n<meta property=\"og:locale\" content=\"en_GB\" \/>\n<meta property=\"og:type\" content=\"article\" \/>\n<meta property=\"og:title\" content=\"AGB - SommerMusikAkademie Schloss Hundisburg\" \/>\n<meta property=\"og:description\" content=\"\u00a7 1 Grundlegende Bestimmungen 1) Die nachstehenden Gesch\u00e4ftsbedingungen gelten f\u00fcr Vertr\u00e4ge die \u00fcber htttp:\/\/sma-hundisburg.de geschlossen werden. Soweit nicht anders vereinbart, wird\u00a0eigens\u00a0von Ihnen verwendeten Bedingungen widersprochen. 2) Verbraucher im Sinne dieser Regelung ist jede nat\u00fcrliche Person, die ein Rechtsgesch\u00e4ft mit privaten Anliegen abschlie\u00dft. &nbsp;Unternehmer ist jede nat\u00fcrliche oder juristische Person, die bei Abschluss des&nbsp;Rechtsgesch\u00e4fts&nbsp;im Sinne ihrer&nbsp;beruflichen [&hellip;]\" \/>\n<meta property=\"og:url\" content=\"https:\/\/sma-hundisburg.de\/en\/agb\/\" \/>\n<meta property=\"og:site_name\" content=\"SommerMusikAkademie Schloss Hundisburg\" \/>\n<meta property=\"article:publisher\" content=\"https:\/\/www.facebook.com\/SommerMusikAkademie\/?locale=de_DE\" \/>\n<meta property=\"article:modified_time\" content=\"2023-02-21T21:56:44+00:00\" \/>\n<meta name=\"twitter:card\" content=\"summary_large_image\" \/>\n<meta name=\"twitter:label1\" content=\"Estimated reading time\" \/>\n\t<meta name=\"twitter:data1\" content=\"4 minutes\" \/>\n<script type=\"application\/ld+json\" class=\"yoast-schema-graph\">{\"@context\":\"https:\/\/schema.org\",\"@graph\":[{\"@type\":\"WebPage\",\"@id\":\"https:\/\/sma-hundisburg.de\/agb\/\",\"url\":\"https:\/\/sma-hundisburg.de\/agb\/\",\"name\":\"AGB - SommerMusikAkademie Schloss Hundisburg\",\"isPartOf\":{\"@id\":\"https:\/\/sma-hundisburg.de\/#website\"},\"datePublished\":\"2023-02-19T21:52:34+00:00\",\"dateModified\":\"2023-02-21T21:56:44+00:00\",\"breadcrumb\":{\"@id\":\"https:\/\/sma-hundisburg.de\/agb\/#breadcrumb\"},\"inLanguage\":\"en-GB\",\"potentialAction\":[{\"@type\":\"ReadAction\",\"target\":[\"https:\/\/sma-hundisburg.de\/agb\/\"]}]},{\"@type\":\"BreadcrumbList\",\"@id\":\"https:\/\/sma-hundisburg.de\/agb\/#breadcrumb\",\"itemListElement\":[{\"@type\":\"ListItem\",\"position\":1,\"name\":\"Startseite\",\"item\":\"https:\/\/sma-hundisburg.de\/\"},{\"@type\":\"ListItem\",\"position\":2,\"name\":\"AGB\"}]},{\"@type\":\"WebSite\",\"@id\":\"https:\/\/sma-hundisburg.de\/#website\",\"url\":\"https:\/\/sma-hundisburg.de\/\",\"name\":\"SommerMusikAkademie Schloss Hundisburg\",\"description\":\"Die Homepage der SommerMusikAkademie Schloss Hundisburg\",\"publisher\":{\"@id\":\"https:\/\/sma-hundisburg.de\/#organization\"},\"potentialAction\":[{\"@type\":\"SearchAction\",\"target\":{\"@type\":\"EntryPoint\",\"urlTemplate\":\"https:\/\/sma-hundisburg.de\/?s={search_term_string}\"},\"query-input\":{\"@type\":\"PropertyValueSpecification\",\"valueRequired\":true,\"valueName\":\"search_term_string\"}}],\"inLanguage\":\"en-GB\"},{\"@type\":\"Organization\",\"@id\":\"https:\/\/sma-hundisburg.de\/#organization\",\"name\":\"SommerMusikAkademie Schloss Hundisburg\",\"url\":\"https:\/\/sma-hundisburg.de\/\",\"logo\":{\"@type\":\"ImageObject\",\"inLanguage\":\"en-GB\",\"@id\":\"https:\/\/sma-hundisburg.de\/#\/schema\/logo\/image\/\",\"url\":\"https:\/\/sma-hundisburg.de\/wp-content\/uploads\/2022\/11\/logo.png\",\"contentUrl\":\"https:\/\/sma-hundisburg.de\/wp-content\/uploads\/2022\/11\/logo.png\",\"width\":103,\"height\":50,\"caption\":\"SommerMusikAkademie Schloss Hundisburg\"},\"image\":{\"@id\":\"https:\/\/sma-hundisburg.de\/#\/schema\/logo\/image\/\"},\"sameAs\":[\"https:\/\/www.facebook.com\/SommerMusikAkademie\/?locale=de_DE\",\"https:\/\/www.instagram.com\/sma_hundisburg\/?hl=de\",\"https:\/\/www.youtube.com\/channel\/UCjJ08ubrJuk1ncqvlX3iTdw\"]}]}<\/script>\n<!-- \/ Yoast SEO plugin. -->","yoast_head_json":{"title":"AGB - SommerMusikAkademie Schloss Hundisburg","robots":{"index":"index","follow":"follow","max-snippet":"max-snippet:-1","max-image-preview":"max-image-preview:large","max-video-preview":"max-video-preview:-1"},"canonical":"https:\/\/sma-hundisburg.de\/en\/agb\/","og_locale":"en_GB","og_type":"article","og_title":"AGB - SommerMusikAkademie Schloss Hundisburg","og_description":"\u00a7 1 Grundlegende Bestimmungen 1) Die nachstehenden Gesch\u00e4ftsbedingungen gelten f\u00fcr Vertr\u00e4ge die \u00fcber htttp:\/\/sma-hundisburg.de geschlossen werden. Soweit nicht anders vereinbart, wird\u00a0eigens\u00a0von Ihnen verwendeten Bedingungen widersprochen. 2) Verbraucher im Sinne dieser Regelung ist jede nat\u00fcrliche Person, die ein Rechtsgesch\u00e4ft mit privaten Anliegen abschlie\u00dft. &nbsp;Unternehmer ist jede nat\u00fcrliche oder juristische Person, die bei Abschluss des&nbsp;Rechtsgesch\u00e4fts&nbsp;im Sinne ihrer&nbsp;beruflichen [&hellip;]","og_url":"https:\/\/sma-hundisburg.de\/en\/agb\/","og_site_name":"SommerMusikAkademie Schloss Hundisburg","article_publisher":"https:\/\/www.facebook.com\/SommerMusikAkademie\/?locale=de_DE","article_modified_time":"2023-02-21T21:56:44+00:00","twitter_card":"summary_large_image","twitter_misc":{"Estimated reading time":"4 minutes"},"schema":{"@context":"https:\/\/schema.org","@graph":[{"@type":"WebPage","@id":"https:\/\/sma-hundisburg.de\/agb\/","url":"https:\/\/sma-hundisburg.de\/agb\/","name":"AGB - SommerMusikAkademie Schloss Hundisburg","isPartOf":{"@id":"https:\/\/sma-hundisburg.de\/#website"},"datePublished":"2023-02-19T21:52:34+00:00","dateModified":"2023-02-21T21:56:44+00:00","breadcrumb":{"@id":"https:\/\/sma-hundisburg.de\/agb\/#breadcrumb"},"inLanguage":"en-GB","potentialAction":[{"@type":"ReadAction","target":["https:\/\/sma-hundisburg.de\/agb\/"]}]},{"@type":"BreadcrumbList","@id":"https:\/\/sma-hundisburg.de\/agb\/#breadcrumb","itemListElement":[{"@type":"ListItem","position":1,"name":"Startseite","item":"https:\/\/sma-hundisburg.de\/"},{"@type":"ListItem","position":2,"name":"AGB"}]},{"@type":"WebSite","@id":"https:\/\/sma-hundisburg.de\/#website","url":"https:\/\/sma-hundisburg.de\/","name":"SommerMusikAkademie Schloss Hundisburg","description":"Die Homepage der SommerMusikAkademie Schloss Hundisburg","publisher":{"@id":"https:\/\/sma-hundisburg.de\/#organization"},"potentialAction":[{"@type":"SearchAction","target":{"@type":"EntryPoint","urlTemplate":"https:\/\/sma-hundisburg.de\/?s={search_term_string}"},"query-input":{"@type":"PropertyValueSpecification","valueRequired":true,"valueName":"search_term_string"}}],"inLanguage":"en-GB"},{"@type":"Organization","@id":"https:\/\/sma-hundisburg.de\/#organization","name":"SommerMusikAkademie Schloss Hundisburg","url":"https:\/\/sma-hundisburg.de\/","logo":{"@type":"ImageObject","inLanguage":"en-GB","@id":"https:\/\/sma-hundisburg.de\/#\/schema\/logo\/image\/","url":"https:\/\/sma-hundisburg.de\/wp-content\/uploads\/2022\/11\/logo.png","contentUrl":"https:\/\/sma-hundisburg.de\/wp-content\/uploads\/2022\/11\/logo.png","width":103,"height":50,"caption":"SommerMusikAkademie Schloss Hundisburg"},"image":{"@id":"https:\/\/sma-hundisburg.de\/#\/schema\/logo\/image\/"},"sameAs":["https:\/\/www.facebook.com\/SommerMusikAkademie\/?locale=de_DE","https:\/\/www.instagram.com\/sma_hundisburg\/?hl=de","https:\/\/www.youtube.com\/channel\/UCjJ08ubrJuk1ncqvlX3iTdw"]}]}},"_links":{"self":[{"href":"https:\/\/sma-hundisburg.de\/en\/wp-json\/wp\/v2\/pages\/1343","targetHints":{"allow":["GET"]}}],"collection":[{"href":"https:\/\/sma-hundisburg.de\/en\/wp-json\/wp\/v2\/pages"}],"about":[{"href":"https:\/\/sma-hundisburg.de\/en\/wp-json\/wp\/v2\/types\/page"}],"author":[{"embeddable":true,"href":"https:\/\/sma-hundisburg.de\/en\/wp-json\/wp\/v2\/users\/1"}],"replies":[{"embeddable":true,"href":"https:\/\/sma-hundisburg.de\/en\/wp-json\/wp\/v2\/comments?post=1343"}],"version-history":[{"count":2,"href":"https:\/\/sma-hundisburg.de\/en\/wp-json\/wp\/v2\/pages\/1343\/revisions"}],"predecessor-version":[{"id":1370,"href":"https:\/\/sma-hundisburg.de\/en\/wp-json\/wp\/v2\/pages\/1343\/revisions\/1370"}],"wp:attachment":[{"href":"https:\/\/sma-hundisburg.de\/en\/wp-json\/wp\/v2\/media?parent=1343"}],"curies":[{"name":"wp","href":"https:\/\/api.w.org\/{rel}","templated":true}]}}