{"id":747,"date":"2022-11-15T01:01:27","date_gmt":"2022-11-15T00:01:27","guid":{"rendered":"https:\/\/sma-hundisburg.de\/?page_id=747"},"modified":"2024-02-08T00:08:27","modified_gmt":"2024-02-07T23:08:27","slug":"die-idee","status":"publish","type":"page","link":"https:\/\/sma-hundisburg.de\/en\/die-idee\/","title":{"rendered":"Idea"},"content":{"rendered":"<h2 class=\"wp-block-heading\">Who we are...<\/h2><p>Die SommerMusikAkademie Schloss Hundisburg bietet musikalische Vielfalt auf h\u00f6chstem Niveau: Hier treffen groovender Jazz, au\u00dfergew\u00f6hnliche Kammermusik und mitrei\u00dfendes klassisch-romantisches Orchesterrepertoire aufeinander. Die besonderen Orte auf und rund um Schloss Hundisburg geben der SommerMusikAkademie ihre einzigartige Atmosph\u00e4re.<\/p><p>Allj\u00e4hrlich wird die Region um das Barockschloss f\u00fcr circa zehn Tage der Treffpunkt junger Musiker aus unterschiedlichsten Nationen. Im Akademieorchester der SMA wachsen sie innerhalb kurzer Zeit zu einem homogenen Klangk\u00f6rper zusammen. Das Publikum begleitet sie dabei in den originellen Konzertformaten: Im Gespr\u00e4chskonzert, im Wandelkonzert und im Abschlusskonzert in der Schlossscheune geben Orchester und Dirigent ihre musikalische Freude und Passion an das Publikum weiter.<\/p><h2 class=\"wp-block-heading\">\u2026 und was uns ausmacht:<\/h2><h3 class=\"wp-block-heading\"><strong>I. Einzigartigkeit des Ortes<\/strong><\/h3><p>Die Schlossscheune, der Hauptsaal, die Alte Ziegelei, die Kirche, die Alte Fabrik \u2026 Einzigartige Spielst\u00e4tten schaffen einzigartige Konzerterlebnisse. Dessen nicht genug, \u00bberfinden\u00ab wir im Wandelkonzert jedes Jahr neue Lokalit\u00e4ten und wollen damit auch bei Menschen, die sonst selten ins Konzert gehen, Schwellen\u00e4ngste abbauen.<\/p><h3 class=\"wp-block-heading\"><strong>II. Die Musiker \u2013 jung und exzellent<\/strong><\/h3><p>Die auftretenden Musikerinnen und Musiker sind jung und spielen auf h\u00f6chstem Niveau. Das Orchester besteht aus Studierenden ganz Europas, Solisten befinden sich kurz vor dem Durchbruch, S\u00e4nger sammeln ihre ersten Opernerfahrungen \u2026 und all das von h\u00f6chster Exzellenz.<\/p><h3 class=\"wp-block-heading\"><strong>III. Internationalit\u00e4t<\/strong><\/h3><p>Eine l\u00e4ndliche Region in der Mitte Deutschlands wird zum kulturellen Schmelztiegel des internationalen Musikernachwuchses. Sie wird zum Schauplatz von V\u00f6lkerverst\u00e4ndigung zwischen Nord und S\u00fcd, Ost und West.<\/p><h3 class=\"wp-block-heading\"><strong>IV. N\u00e4he zwischen Publikum und Musikern<\/strong><\/h3><p>Ob Wandelkonzert oder Gespr\u00e4chskonzert \u2013 durch unkonventionelle Konzertformate ist eine N\u00e4he zwischen den Musikern und dem Publikum entstanden, die ihresgleichen sucht. Die Menschen im Publikum sp\u00fcren: Hier wird ein Festival f\u00fcr sie gemacht, hier k\u00f6nnen sie mit \u00bbihrer SMA\u00ab leben.<\/p>","protected":false},"excerpt":{"rendered":"<p>Wer wir sind... Die SommerMusikAkademie Schloss Hundisburg bietet musikalische Vielfalt auf h\u00f6chstem Niveau: Hier treffen groovender Jazz, au\u00dfergew\u00f6hnliche Kammermusik und mitrei\u00dfendes klassisch-romantisches Orchesterrepertoire aufeinander. Die besonderen Orte auf und rund um Schloss Hundisburg geben der SommerMusikAkademie ihre einzigartige Atmosph\u00e4re. Allj\u00e4hrlich wird die Region um das Barockschloss f\u00fcr circa zehn Tage der Treffpunkt junger Musiker aus [&hellip;]<\/p>","protected":false},"author":1,"featured_media":2243,"parent":0,"menu_order":0,"comment_status":"closed","ping_status":"closed","template":"","meta":{"_acf_changed":false,"ct_builder_shortcodes":"","ct_template_type":"","ct_parent_template":0,"footnotes":""},"class_list":["post-747","page","type-page","status-publish","has-post-thumbnail","hentry"],"acf":[],"yoast_head":"<!-- This site is optimized with the Yoast SEO plugin v24.5 - https:\/\/yoast.com\/wordpress\/plugins\/seo\/ -->\n<title>Die Idee - SommerMusikAkademie Schloss Hundisburg<\/title>\n<meta name=\"robots\" content=\"index, follow, max-snippet:-1, max-image-preview:large, max-video-preview:-1\" \/>\n<link rel=\"canonical\" href=\"https:\/\/sma-hundisburg.de\/en\/die-idee\/\" \/>\n<meta property=\"og:locale\" content=\"en_GB\" \/>\n<meta property=\"og:type\" content=\"article\" \/>\n<meta property=\"og:title\" content=\"Die Idee - SommerMusikAkademie Schloss Hundisburg\" \/>\n<meta property=\"og:description\" content=\"Wer wir sind... Die SommerMusikAkademie Schloss Hundisburg bietet musikalische Vielfalt auf h\u00f6chstem Niveau: Hier treffen groovender Jazz, au\u00dfergew\u00f6hnliche Kammermusik und mitrei\u00dfendes klassisch-romantisches Orchesterrepertoire aufeinander. Die besonderen Orte auf und rund um Schloss Hundisburg geben der SommerMusikAkademie ihre einzigartige Atmosph\u00e4re. Allj\u00e4hrlich wird die Region um das Barockschloss f\u00fcr circa zehn Tage der Treffpunkt junger Musiker aus [&hellip;]\" \/>\n<meta property=\"og:url\" content=\"https:\/\/sma-hundisburg.de\/en\/die-idee\/\" \/>\n<meta property=\"og:site_name\" content=\"SommerMusikAkademie Schloss Hundisburg\" \/>\n<meta property=\"article:publisher\" content=\"https:\/\/www.facebook.com\/SommerMusikAkademie\/?locale=de_DE\" \/>\n<meta property=\"article:modified_time\" content=\"2024-02-07T23:08:27+00:00\" \/>\n<meta property=\"og:image\" content=\"https:\/\/sma-hundisburg.de\/wp-content\/uploads\/2023\/08\/BE2A9CDB-4F0A-487E-858F-039D5B97B2EB_1_201_a-min-scaled.jpeg\" \/>\n\t<meta property=\"og:image:width\" content=\"2560\" \/>\n\t<meta property=\"og:image:height\" content=\"1707\" \/>\n\t<meta property=\"og:image:type\" content=\"image\/jpeg\" \/>\n<meta name=\"twitter:card\" content=\"summary_large_image\" \/>\n<meta name=\"twitter:label1\" content=\"Estimated reading time\" \/>\n\t<meta name=\"twitter:data1\" content=\"2 minutes\" \/>\n<script type=\"application\/ld+json\" class=\"yoast-schema-graph\">{\"@context\":\"https:\/\/schema.org\",\"@graph\":[{\"@type\":\"WebPage\",\"@id\":\"https:\/\/sma-hundisburg.de\/die-idee\/\",\"url\":\"https:\/\/sma-hundisburg.de\/die-idee\/\",\"name\":\"Die Idee - SommerMusikAkademie Schloss Hundisburg\",\"isPartOf\":{\"@id\":\"https:\/\/sma-hundisburg.de\/#website\"},\"primaryImageOfPage\":{\"@id\":\"https:\/\/sma-hundisburg.de\/die-idee\/#primaryimage\"},\"image\":{\"@id\":\"https:\/\/sma-hundisburg.de\/die-idee\/#primaryimage\"},\"thumbnailUrl\":\"https:\/\/sma-hundisburg.de\/wp-content\/uploads\/2023\/08\/BE2A9CDB-4F0A-487E-858F-039D5B97B2EB_1_201_a-min-scaled.jpeg\",\"datePublished\":\"2022-11-15T00:01:27+00:00\",\"dateModified\":\"2024-02-07T23:08:27+00:00\",\"breadcrumb\":{\"@id\":\"https:\/\/sma-hundisburg.de\/die-idee\/#breadcrumb\"},\"inLanguage\":\"en-GB\",\"potentialAction\":[{\"@type\":\"ReadAction\",\"target\":[\"https:\/\/sma-hundisburg.de\/die-idee\/\"]}]},{\"@type\":\"ImageObject\",\"inLanguage\":\"en-GB\",\"@id\":\"https:\/\/sma-hundisburg.de\/die-idee\/#primaryimage\",\"url\":\"https:\/\/sma-hundisburg.de\/wp-content\/uploads\/2023\/08\/BE2A9CDB-4F0A-487E-858F-039D5B97B2EB_1_201_a-min-scaled.jpeg\",\"contentUrl\":\"https:\/\/sma-hundisburg.de\/wp-content\/uploads\/2023\/08\/BE2A9CDB-4F0A-487E-858F-039D5B97B2EB_1_201_a-min-scaled.jpeg\",\"width\":2560,\"height\":1707},{\"@type\":\"BreadcrumbList\",\"@id\":\"https:\/\/sma-hundisburg.de\/die-idee\/#breadcrumb\",\"itemListElement\":[{\"@type\":\"ListItem\",\"position\":1,\"name\":\"Startseite\",\"item\":\"https:\/\/sma-hundisburg.de\/\"},{\"@type\":\"ListItem\",\"position\":2,\"name\":\"Die Idee\"}]},{\"@type\":\"WebSite\",\"@id\":\"https:\/\/sma-hundisburg.de\/#website\",\"url\":\"https:\/\/sma-hundisburg.de\/\",\"name\":\"SommerMusikAkademie Schloss Hundisburg\",\"description\":\"Die Homepage der SommerMusikAkademie Schloss Hundisburg\",\"publisher\":{\"@id\":\"https:\/\/sma-hundisburg.de\/#organization\"},\"potentialAction\":[{\"@type\":\"SearchAction\",\"target\":{\"@type\":\"EntryPoint\",\"urlTemplate\":\"https:\/\/sma-hundisburg.de\/?s={search_term_string}\"},\"query-input\":{\"@type\":\"PropertyValueSpecification\",\"valueRequired\":true,\"valueName\":\"search_term_string\"}}],\"inLanguage\":\"en-GB\"},{\"@type\":\"Organization\",\"@id\":\"https:\/\/sma-hundisburg.de\/#organization\",\"name\":\"SommerMusikAkademie Schloss Hundisburg\",\"url\":\"https:\/\/sma-hundisburg.de\/\",\"logo\":{\"@type\":\"ImageObject\",\"inLanguage\":\"en-GB\",\"@id\":\"https:\/\/sma-hundisburg.de\/#\/schema\/logo\/image\/\",\"url\":\"https:\/\/sma-hundisburg.de\/wp-content\/uploads\/2022\/11\/logo.png\",\"contentUrl\":\"https:\/\/sma-hundisburg.de\/wp-content\/uploads\/2022\/11\/logo.png\",\"width\":103,\"height\":50,\"caption\":\"SommerMusikAkademie Schloss Hundisburg\"},\"image\":{\"@id\":\"https:\/\/sma-hundisburg.de\/#\/schema\/logo\/image\/\"},\"sameAs\":[\"https:\/\/www.facebook.com\/SommerMusikAkademie\/?locale=de_DE\",\"https:\/\/www.instagram.com\/sma_hundisburg\/?hl=de\",\"https:\/\/www.youtube.com\/channel\/UCjJ08ubrJuk1ncqvlX3iTdw\"]}]}<\/script>\n<!-- \/ Yoast SEO plugin. -->","yoast_head_json":{"title":"Die Idee - SommerMusikAkademie Schloss Hundisburg","robots":{"index":"index","follow":"follow","max-snippet":"max-snippet:-1","max-image-preview":"max-image-preview:large","max-video-preview":"max-video-preview:-1"},"canonical":"https:\/\/sma-hundisburg.de\/en\/die-idee\/","og_locale":"en_GB","og_type":"article","og_title":"Die Idee - SommerMusikAkademie Schloss Hundisburg","og_description":"Wer wir sind... Die SommerMusikAkademie Schloss Hundisburg bietet musikalische Vielfalt auf h\u00f6chstem Niveau: Hier treffen groovender Jazz, au\u00dfergew\u00f6hnliche Kammermusik und mitrei\u00dfendes klassisch-romantisches Orchesterrepertoire aufeinander. Die besonderen Orte auf und rund um Schloss Hundisburg geben der SommerMusikAkademie ihre einzigartige Atmosph\u00e4re. Allj\u00e4hrlich wird die Region um das Barockschloss f\u00fcr circa zehn Tage der Treffpunkt junger Musiker aus [&hellip;]","og_url":"https:\/\/sma-hundisburg.de\/en\/die-idee\/","og_site_name":"SommerMusikAkademie Schloss Hundisburg","article_publisher":"https:\/\/www.facebook.com\/SommerMusikAkademie\/?locale=de_DE","article_modified_time":"2024-02-07T23:08:27+00:00","og_image":[{"width":2560,"height":1707,"url":"https:\/\/sma-hundisburg.de\/wp-content\/uploads\/2023\/08\/BE2A9CDB-4F0A-487E-858F-039D5B97B2EB_1_201_a-min-scaled.jpeg","type":"image\/jpeg"}],"twitter_card":"summary_large_image","twitter_misc":{"Estimated reading time":"2 minutes"},"schema":{"@context":"https:\/\/schema.org","@graph":[{"@type":"WebPage","@id":"https:\/\/sma-hundisburg.de\/die-idee\/","url":"https:\/\/sma-hundisburg.de\/die-idee\/","name":"Die Idee - SommerMusikAkademie Schloss Hundisburg","isPartOf":{"@id":"https:\/\/sma-hundisburg.de\/#website"},"primaryImageOfPage":{"@id":"https:\/\/sma-hundisburg.de\/die-idee\/#primaryimage"},"image":{"@id":"https:\/\/sma-hundisburg.de\/die-idee\/#primaryimage"},"thumbnailUrl":"https:\/\/sma-hundisburg.de\/wp-content\/uploads\/2023\/08\/BE2A9CDB-4F0A-487E-858F-039D5B97B2EB_1_201_a-min-scaled.jpeg","datePublished":"2022-11-15T00:01:27+00:00","dateModified":"2024-02-07T23:08:27+00:00","breadcrumb":{"@id":"https:\/\/sma-hundisburg.de\/die-idee\/#breadcrumb"},"inLanguage":"en-GB","potentialAction":[{"@type":"ReadAction","target":["https:\/\/sma-hundisburg.de\/die-idee\/"]}]},{"@type":"ImageObject","inLanguage":"en-GB","@id":"https:\/\/sma-hundisburg.de\/die-idee\/#primaryimage","url":"https:\/\/sma-hundisburg.de\/wp-content\/uploads\/2023\/08\/BE2A9CDB-4F0A-487E-858F-039D5B97B2EB_1_201_a-min-scaled.jpeg","contentUrl":"https:\/\/sma-hundisburg.de\/wp-content\/uploads\/2023\/08\/BE2A9CDB-4F0A-487E-858F-039D5B97B2EB_1_201_a-min-scaled.jpeg","width":2560,"height":1707},{"@type":"BreadcrumbList","@id":"https:\/\/sma-hundisburg.de\/die-idee\/#breadcrumb","itemListElement":[{"@type":"ListItem","position":1,"name":"Startseite","item":"https:\/\/sma-hundisburg.de\/"},{"@type":"ListItem","position":2,"name":"Die Idee"}]},{"@type":"WebSite","@id":"https:\/\/sma-hundisburg.de\/#website","url":"https:\/\/sma-hundisburg.de\/","name":"SommerMusikAkademie Schloss Hundisburg","description":"Die Homepage der SommerMusikAkademie Schloss Hundisburg","publisher":{"@id":"https:\/\/sma-hundisburg.de\/#organization"},"potentialAction":[{"@type":"SearchAction","target":{"@type":"EntryPoint","urlTemplate":"https:\/\/sma-hundisburg.de\/?s={search_term_string}"},"query-input":{"@type":"PropertyValueSpecification","valueRequired":true,"valueName":"search_term_string"}}],"inLanguage":"en-GB"},{"@type":"Organization","@id":"https:\/\/sma-hundisburg.de\/#organization","name":"SommerMusikAkademie Schloss Hundisburg","url":"https:\/\/sma-hundisburg.de\/","logo":{"@type":"ImageObject","inLanguage":"en-GB","@id":"https:\/\/sma-hundisburg.de\/#\/schema\/logo\/image\/","url":"https:\/\/sma-hundisburg.de\/wp-content\/uploads\/2022\/11\/logo.png","contentUrl":"https:\/\/sma-hundisburg.de\/wp-content\/uploads\/2022\/11\/logo.png","width":103,"height":50,"caption":"SommerMusikAkademie Schloss Hundisburg"},"image":{"@id":"https:\/\/sma-hundisburg.de\/#\/schema\/logo\/image\/"},"sameAs":["https:\/\/www.facebook.com\/SommerMusikAkademie\/?locale=de_DE","https:\/\/www.instagram.com\/sma_hundisburg\/?hl=de","https:\/\/www.youtube.com\/channel\/UCjJ08ubrJuk1ncqvlX3iTdw"]}]}},"_links":{"self":[{"href":"https:\/\/sma-hundisburg.de\/en\/wp-json\/wp\/v2\/pages\/747","targetHints":{"allow":["GET"]}}],"collection":[{"href":"https:\/\/sma-hundisburg.de\/en\/wp-json\/wp\/v2\/pages"}],"about":[{"href":"https:\/\/sma-hundisburg.de\/en\/wp-json\/wp\/v2\/types\/page"}],"author":[{"embeddable":true,"href":"https:\/\/sma-hundisburg.de\/en\/wp-json\/wp\/v2\/users\/1"}],"replies":[{"embeddable":true,"href":"https:\/\/sma-hundisburg.de\/en\/wp-json\/wp\/v2\/comments?post=747"}],"version-history":[{"count":1,"href":"https:\/\/sma-hundisburg.de\/en\/wp-json\/wp\/v2\/pages\/747\/revisions"}],"predecessor-version":[{"id":748,"href":"https:\/\/sma-hundisburg.de\/en\/wp-json\/wp\/v2\/pages\/747\/revisions\/748"}],"wp:featuredmedia":[{"embeddable":true,"href":"https:\/\/sma-hundisburg.de\/en\/wp-json\/wp\/v2\/media\/2243"}],"wp:attachment":[{"href":"https:\/\/sma-hundisburg.de\/en\/wp-json\/wp\/v2\/media?parent=747"}],"curies":[{"name":"wp","href":"https:\/\/api.w.org\/{rel}","templated":true}]}}