{"id":915,"date":"2022-12-08T18:11:36","date_gmt":"2022-12-08T17:11:36","guid":{"rendered":"https:\/\/sma-hundisburg.de\/?page_id=915"},"modified":"2026-03-17T23:37:50","modified_gmt":"2026-03-17T22:37:50","slug":"sponsoren","status":"publish","type":"page","link":"https:\/\/sma-hundisburg.de\/en\/sponsoren\/","title":{"rendered":"Unsere Sponsoren und Partner 2025"},"content":{"rendered":"<p class=\"has-text-align-center\"><\/p><div class=\"wp-block-columns is-layout-flex wp-container-core-columns-is-layout-1 wp-block-columns-is-layout-flex\"><div class=\"wp-block-column is-layout-flow wp-block-column-is-layout-flow\"><h3 class=\"wp-block-heading\">Die Grundfinanzierung...<\/h3>\n\n<p>... erfolgt durch die Stadt Haldensleben, den Landkreis B\u00f6rde und das Land Sachsen-Anhalt.<\/p>\n\n<p>Land Sachsen-Anhalt:&nbsp;<a href=\"https:\/\/www.sachsen-anhalt.de\/\" target=\"_blank\" rel=\"noreferrer noopener\">www.sachsen-anhalt.de<\/a><br>Landkreis B\u00f6rde:&nbsp;<a href=\"https:\/\/www.landkreis-boerde.de\/\" target=\"_blank\" rel=\"noreferrer noopener\">www.landkreis-boerde.de<\/a><br>Stadt Haldensleben:&nbsp;<a href=\"http:\/\/www.haldensleben.de\/\" target=\"_blank\" rel=\"noreferrer noopener\">www.haldensleben.de<\/a><\/p>\n\n<hr class=\"wp-block-separator has-alpha-channel-opacity\"\/>\n\n<h3 class=\"wp-block-heading\">Orchesterpate<\/h3>\n\n<p>AXA-Versicherung Frank B\u00f6ttcher&nbsp;<\/p>\n\n<hr class=\"wp-block-separator has-alpha-channel-opacity\"\/>\n\n<h3 class=\"wp-block-heading\">Meisterkurs-Partner<\/h3>\n\n<p>Dr. Barbara und Dr. Michael Reiser<br>Roland-Apotheke Haldensleben, Apotheker Alfred Schmidt<\/p>\n\n<hr class=\"wp-block-separator has-alpha-channel-opacity\"\/>\n\n<h3 class=\"wp-block-heading\">Konzertpaten<\/h3>\n\n<p>Agrar-Gsellschaft B\u00f6rde Rottmersleben<br>BBT RA + StB Magdeburg<br>Flatt Baumarkt-GmbH + Co.KG<br>Kreissparkasse B\u00f6rde<br>Philharmonische Gesellschaft Magdeburg<br>Rotary Club Haldensleben<br>Stadtwerke Haldensleben<br>Volksbank eG Wolfenb\u00fcttel<\/p>\n\n<hr class=\"wp-block-separator has-alpha-channel-opacity\"\/>\n\n<h3 class=\"wp-block-heading\">Kooperationspartner<\/h3>\n\n<p>Ev. Kirchengemeinde St. Marien Haldensleben<br>Ev. Kirchengemeinde St. Nikolai Oschersleben<br>Ev. Pfarramt Luther-Kirchengemeinde<br>F\u00f6rderverein Technisches Denkmal Ziegelei Hundisburg e.V.<br>Hotel Behrens, Haldensleben<br>Stadtwerke Haldensleben<\/p>\n\n<hr class=\"wp-block-separator has-alpha-channel-opacity\"\/>\n\n<h3 class=\"wp-block-heading\">Mobile Partner<\/h3>\n\n<p>Schubert Motors GmbH<br>Seniorenhilfe GmbH Haldensleben<\/p><\/div>\n\n<div class=\"wp-block-column is-layout-flow wp-block-column-is-layout-flow\"><h3 class=\"wp-block-heading\">Medienpartner<\/h3>\n\n<p>Haldensleber Volksstimme<br>Mitteldeutscher Rundfunk<\/p>\n\n<hr class=\"wp-block-separator has-alpha-channel-opacity\"\/>\n\n<h3 class=\"wp-block-heading\">Unterst\u00fctzung und Sponsoring<\/h3>\n\n<p>A+I Planungsb\u00fcro Seidl &amp; Dr. Heinecke<br>Apotheker Markus Dunkel<br>BEWOS Wobau GmbH<br>Claus Mangels<br>Cordula Speitel<br>DEL Biogas GmbH<br>Dr. Annette und Dr. Bernd Glowacki<br>Dr. Eugenie und Dr. Hans-G\u00fcnther Kontzog<br>Dr. Hans-Lutz und Barbara Heinemann<br>Dr. Ingrid Koch<br>Dr. Silke Koerth-Bauer<br>Dr. Ulrike Grotjohann<br>Evi Carola Hoch<br>Friedrich-Karl R\u00f6del<br>Gebr\u00fcder Appel GmbH<br>HERMES Fulfilment<br>Holzfachmarkt Appel<br>Landwirt Christoph Thiele<br>Liftbau Oschersleben GmbH<br>Lionshilfswek Oschersleben<br>\u00d6SA Versicherung Thomas Lippold<br>PPH Gut Hundisburg - Pr\u00fc\u00dfe<br>Schl\u00fcsseldienst Oliver Jordan<br>Schornsteinfeger Stephan Banaskiewicz<br>Steffen Kuhnert<br>Sybille von Dassel<br>Thom Nikolaus Wilkening<br>Tischlerei Olaf Gro\u00dfkopf<\/p><\/div><\/div><figure class=\"wp-block-gallery has-nested-images columns-5 wp-block-gallery-1 is-layout-flex wp-block-gallery-is-layout-flex\"><figure class=\"wp-block-image size-full\"><img loading=\"lazy\" decoding=\"async\" width=\"900\" height=\"348\" data-id=\"2105\" src=\"https:\/\/sma-hundisburg.de\/wp-content\/uploads\/2023\/07\/Haldensleben.png\" alt=\"\" class=\"wp-image-2105\" srcset=\"https:\/\/sma-hundisburg.de\/wp-content\/uploads\/2023\/07\/Haldensleben.png 900w, https:\/\/sma-hundisburg.de\/wp-content\/uploads\/2023\/07\/Haldensleben-300x116.png 300w, https:\/\/sma-hundisburg.de\/wp-content\/uploads\/2023\/07\/Haldensleben-768x297.png 768w, https:\/\/sma-hundisburg.de\/wp-content\/uploads\/2023\/07\/Haldensleben-18x7.png 18w, https:\/\/sma-hundisburg.de\/wp-content\/uploads\/2023\/07\/Haldensleben-600x232.png 600w\" sizes=\"auto, (max-width: 900px) 100vw, 900px\" \/><\/figure>\n\n<figure class=\"wp-block-image size-large\"><img loading=\"lazy\" decoding=\"async\" width=\"2143\" height=\"872\" data-id=\"2108\" src=\"https:\/\/sma-hundisburg.de\/wp-content\/uploads\/2023\/07\/LSA_moderndenken_Standard-edited.jpg\" alt=\"\" class=\"wp-image-2108\" srcset=\"https:\/\/sma-hundisburg.de\/wp-content\/uploads\/2023\/07\/LSA_moderndenken_Standard-edited.jpg 2143w, https:\/\/sma-hundisburg.de\/wp-content\/uploads\/2023\/07\/LSA_moderndenken_Standard-edited-300x122.jpg 300w, https:\/\/sma-hundisburg.de\/wp-content\/uploads\/2023\/07\/LSA_moderndenken_Standard-edited-1024x417.jpg 1024w, https:\/\/sma-hundisburg.de\/wp-content\/uploads\/2023\/07\/LSA_moderndenken_Standard-edited-768x313.jpg 768w, https:\/\/sma-hundisburg.de\/wp-content\/uploads\/2023\/07\/LSA_moderndenken_Standard-edited-1536x625.jpg 1536w, https:\/\/sma-hundisburg.de\/wp-content\/uploads\/2023\/07\/LSA_moderndenken_Standard-edited-2048x833.jpg 2048w, https:\/\/sma-hundisburg.de\/wp-content\/uploads\/2023\/07\/LSA_moderndenken_Standard-edited-18x7.jpg 18w, https:\/\/sma-hundisburg.de\/wp-content\/uploads\/2023\/07\/LSA_moderndenken_Standard-edited-600x244.jpg 600w\" sizes=\"auto, (max-width: 2143px) 100vw, 2143px\" \/><\/figure>\n\n<figure class=\"wp-block-image size-full\"><img loading=\"lazy\" decoding=\"async\" width=\"200\" height=\"160\" data-id=\"2102\" src=\"https:\/\/sma-hundisburg.de\/wp-content\/uploads\/2023\/07\/logo-landkreis-boerde.png\" alt=\"\" class=\"wp-image-2102\" srcset=\"https:\/\/sma-hundisburg.de\/wp-content\/uploads\/2023\/07\/logo-landkreis-boerde.png 200w, https:\/\/sma-hundisburg.de\/wp-content\/uploads\/2023\/07\/logo-landkreis-boerde-15x12.png 15w\" sizes=\"auto, (max-width: 200px) 100vw, 200px\" \/><\/figure>\n\n<figure class=\"wp-block-image size-large\"><img loading=\"lazy\" decoding=\"async\" width=\"970\" height=\"666\" data-id=\"2503\" src=\"https:\/\/sma-hundisburg.de\/wp-content\/uploads\/2024\/06\/bbt-logo.png\" alt=\"\" class=\"wp-image-2503\" srcset=\"https:\/\/sma-hundisburg.de\/wp-content\/uploads\/2024\/06\/bbt-logo.png 970w, https:\/\/sma-hundisburg.de\/wp-content\/uploads\/2024\/06\/bbt-logo-300x206.png 300w, https:\/\/sma-hundisburg.de\/wp-content\/uploads\/2024\/06\/bbt-logo-768x527.png 768w, https:\/\/sma-hundisburg.de\/wp-content\/uploads\/2024\/06\/bbt-logo-18x12.png 18w, https:\/\/sma-hundisburg.de\/wp-content\/uploads\/2024\/06\/bbt-logo-600x412.png 600w\" sizes=\"auto, (max-width: 970px) 100vw, 970px\" \/><\/figure>\n\n<figure class=\"wp-block-image size-full\"><img loading=\"lazy\" decoding=\"async\" width=\"602\" height=\"256\" data-id=\"2828\" src=\"https:\/\/sma-hundisburg.de\/wp-content\/uploads\/2026\/03\/OBI-HE-2c-neu.jpg\" alt=\"\" class=\"wp-image-2828\" srcset=\"https:\/\/sma-hundisburg.de\/wp-content\/uploads\/2026\/03\/OBI-HE-2c-neu.jpg 602w, https:\/\/sma-hundisburg.de\/wp-content\/uploads\/2026\/03\/OBI-HE-2c-neu-300x128.jpg 300w, https:\/\/sma-hundisburg.de\/wp-content\/uploads\/2026\/03\/OBI-HE-2c-neu-18x8.jpg 18w, https:\/\/sma-hundisburg.de\/wp-content\/uploads\/2026\/03\/OBI-HE-2c-neu-600x255.jpg 600w\" sizes=\"auto, (max-width: 602px) 100vw, 602px\" \/><\/figure>\n\n<figure class=\"wp-block-image size-large\"><img loading=\"lazy\" decoding=\"async\" width=\"354\" height=\"228\" data-id=\"2107\" src=\"https:\/\/sma-hundisburg.de\/wp-content\/uploads\/2023\/07\/OeSA-Logo-Lippold-1.jpg\" alt=\"\" class=\"wp-image-2107\" srcset=\"https:\/\/sma-hundisburg.de\/wp-content\/uploads\/2023\/07\/OeSA-Logo-Lippold-1.jpg 354w, https:\/\/sma-hundisburg.de\/wp-content\/uploads\/2023\/07\/OeSA-Logo-Lippold-1-300x193.jpg 300w, https:\/\/sma-hundisburg.de\/wp-content\/uploads\/2023\/07\/OeSA-Logo-Lippold-1-18x12.jpg 18w\" sizes=\"auto, (max-width: 354px) 100vw, 354px\" \/><\/figure>\n\n<figure class=\"wp-block-image size-large\"><img loading=\"lazy\" decoding=\"async\" width=\"466\" height=\"108\" data-id=\"2106\" src=\"https:\/\/sma-hundisburg.de\/wp-content\/uploads\/2023\/07\/Schubert-Motors-1.png\" alt=\"\" class=\"wp-image-2106\" srcset=\"https:\/\/sma-hundisburg.de\/wp-content\/uploads\/2023\/07\/Schubert-Motors-1.png 466w, https:\/\/sma-hundisburg.de\/wp-content\/uploads\/2023\/07\/Schubert-Motors-1-300x70.png 300w, https:\/\/sma-hundisburg.de\/wp-content\/uploads\/2023\/07\/Schubert-Motors-1-18x4.png 18w\" sizes=\"auto, (max-width: 466px) 100vw, 466px\" \/><\/figure><\/figure>","protected":false},"excerpt":{"rendered":"<p>Die Grundfinanzierung... ... erfolgt durch die Stadt Haldensleben, den Landkreis B\u00f6rde und das Land Sachsen-Anhalt. Land Sachsen-Anhalt:&nbsp;www.sachsen-anhalt.deLandkreis B\u00f6rde:&nbsp;www.landkreis-boerde.deStadt Haldensleben:&nbsp;www.haldensleben.de Orchesterpate AXA-Versicherung Frank B\u00f6ttcher&nbsp; Meisterkurs-Partner Dr. Barbara und Dr. Michael ReiserRoland-Apotheke Haldensleben, Apotheker Alfred Schmidt Konzertpaten Agrar-Gsellschaft B\u00f6rde RottmerslebenBBT RA + StB MagdeburgFlatt Baumarkt-GmbH + Co.KGKreissparkasse B\u00f6rdePhilharmonische Gesellschaft MagdeburgRotary Club HaldenslebenStadtwerke HaldenslebenVolksbank eG Wolfenb\u00fcttel Kooperationspartner Ev. [&hellip;]<\/p>","protected":false},"author":1,"featured_media":0,"parent":0,"menu_order":0,"comment_status":"closed","ping_status":"closed","template":"","meta":{"_acf_changed":false,"ct_builder_shortcodes":"","ct_template_type":"","ct_parent_template":0,"footnotes":""},"class_list":["post-915","page","type-page","status-publish","hentry"],"acf":[],"yoast_head":"<!-- This site is optimized with the Yoast SEO plugin v24.5 - https:\/\/yoast.com\/wordpress\/plugins\/seo\/ -->\n<title>Unsere Sponsoren und Partner 2025 - SommerMusikAkademie Schloss Hundisburg<\/title>\n<meta name=\"robots\" content=\"index, follow, max-snippet:-1, max-image-preview:large, max-video-preview:-1\" \/>\n<link rel=\"canonical\" href=\"https:\/\/sma-hundisburg.de\/en\/sponsoren\/\" \/>\n<meta property=\"og:locale\" content=\"en_GB\" \/>\n<meta property=\"og:type\" content=\"article\" \/>\n<meta property=\"og:title\" content=\"Unsere Sponsoren und Partner 2025 - SommerMusikAkademie Schloss Hundisburg\" \/>\n<meta property=\"og:description\" content=\"Die Grundfinanzierung... ... erfolgt durch die Stadt Haldensleben, den Landkreis B\u00f6rde und das Land Sachsen-Anhalt. Land Sachsen-Anhalt:&nbsp;www.sachsen-anhalt.deLandkreis B\u00f6rde:&nbsp;www.landkreis-boerde.deStadt Haldensleben:&nbsp;www.haldensleben.de Orchesterpate AXA-Versicherung Frank B\u00f6ttcher&nbsp; Meisterkurs-Partner Dr. Barbara und Dr. Michael ReiserRoland-Apotheke Haldensleben, Apotheker Alfred Schmidt Konzertpaten Agrar-Gsellschaft B\u00f6rde RottmerslebenBBT RA + StB MagdeburgFlatt Baumarkt-GmbH + Co.KGKreissparkasse B\u00f6rdePhilharmonische Gesellschaft MagdeburgRotary Club HaldenslebenStadtwerke HaldenslebenVolksbank eG Wolfenb\u00fcttel Kooperationspartner Ev. [&hellip;]\" \/>\n<meta property=\"og:url\" content=\"https:\/\/sma-hundisburg.de\/en\/sponsoren\/\" \/>\n<meta property=\"og:site_name\" content=\"SommerMusikAkademie Schloss Hundisburg\" \/>\n<meta property=\"article:publisher\" content=\"https:\/\/www.facebook.com\/SommerMusikAkademie\/?locale=de_DE\" \/>\n<meta property=\"article:modified_time\" content=\"2026-03-17T22:37:50+00:00\" \/>\n<meta property=\"og:image\" content=\"https:\/\/sma-hundisburg.de\/wp-content\/uploads\/2023\/07\/Haldensleben.png\" \/>\n\t<meta property=\"og:image:width\" content=\"900\" \/>\n\t<meta property=\"og:image:height\" content=\"348\" \/>\n\t<meta property=\"og:image:type\" content=\"image\/png\" \/>\n<meta name=\"twitter:card\" content=\"summary_large_image\" \/>\n<meta name=\"twitter:label1\" content=\"Estimated reading time\" \/>\n\t<meta name=\"twitter:data1\" content=\"3 minutes\" \/>\n<script type=\"application\/ld+json\" class=\"yoast-schema-graph\">{\"@context\":\"https:\/\/schema.org\",\"@graph\":[{\"@type\":\"WebPage\",\"@id\":\"https:\/\/sma-hundisburg.de\/sponsoren\/\",\"url\":\"https:\/\/sma-hundisburg.de\/sponsoren\/\",\"name\":\"Unsere Sponsoren und Partner 2025 - SommerMusikAkademie Schloss Hundisburg\",\"isPartOf\":{\"@id\":\"https:\/\/sma-hundisburg.de\/#website\"},\"primaryImageOfPage\":{\"@id\":\"https:\/\/sma-hundisburg.de\/sponsoren\/#primaryimage\"},\"image\":{\"@id\":\"https:\/\/sma-hundisburg.de\/sponsoren\/#primaryimage\"},\"thumbnailUrl\":\"https:\/\/sma-hundisburg.de\/wp-content\/uploads\/2023\/07\/Haldensleben.png\",\"datePublished\":\"2022-12-08T17:11:36+00:00\",\"dateModified\":\"2026-03-17T22:37:50+00:00\",\"breadcrumb\":{\"@id\":\"https:\/\/sma-hundisburg.de\/sponsoren\/#breadcrumb\"},\"inLanguage\":\"en-GB\",\"potentialAction\":[{\"@type\":\"ReadAction\",\"target\":[\"https:\/\/sma-hundisburg.de\/sponsoren\/\"]}]},{\"@type\":\"ImageObject\",\"inLanguage\":\"en-GB\",\"@id\":\"https:\/\/sma-hundisburg.de\/sponsoren\/#primaryimage\",\"url\":\"https:\/\/sma-hundisburg.de\/wp-content\/uploads\/2023\/07\/Haldensleben.png\",\"contentUrl\":\"https:\/\/sma-hundisburg.de\/wp-content\/uploads\/2023\/07\/Haldensleben.png\"},{\"@type\":\"BreadcrumbList\",\"@id\":\"https:\/\/sma-hundisburg.de\/sponsoren\/#breadcrumb\",\"itemListElement\":[{\"@type\":\"ListItem\",\"position\":1,\"name\":\"Startseite\",\"item\":\"https:\/\/sma-hundisburg.de\/\"},{\"@type\":\"ListItem\",\"position\":2,\"name\":\"Unsere Sponsoren und Partner 2025\"}]},{\"@type\":\"WebSite\",\"@id\":\"https:\/\/sma-hundisburg.de\/#website\",\"url\":\"https:\/\/sma-hundisburg.de\/\",\"name\":\"SommerMusikAkademie Schloss Hundisburg\",\"description\":\"Die Homepage der SommerMusikAkademie Schloss Hundisburg\",\"publisher\":{\"@id\":\"https:\/\/sma-hundisburg.de\/#organization\"},\"potentialAction\":[{\"@type\":\"SearchAction\",\"target\":{\"@type\":\"EntryPoint\",\"urlTemplate\":\"https:\/\/sma-hundisburg.de\/?s={search_term_string}\"},\"query-input\":{\"@type\":\"PropertyValueSpecification\",\"valueRequired\":true,\"valueName\":\"search_term_string\"}}],\"inLanguage\":\"en-GB\"},{\"@type\":\"Organization\",\"@id\":\"https:\/\/sma-hundisburg.de\/#organization\",\"name\":\"SommerMusikAkademie Schloss Hundisburg\",\"url\":\"https:\/\/sma-hundisburg.de\/\",\"logo\":{\"@type\":\"ImageObject\",\"inLanguage\":\"en-GB\",\"@id\":\"https:\/\/sma-hundisburg.de\/#\/schema\/logo\/image\/\",\"url\":\"https:\/\/sma-hundisburg.de\/wp-content\/uploads\/2022\/11\/logo.png\",\"contentUrl\":\"https:\/\/sma-hundisburg.de\/wp-content\/uploads\/2022\/11\/logo.png\",\"width\":103,\"height\":50,\"caption\":\"SommerMusikAkademie Schloss Hundisburg\"},\"image\":{\"@id\":\"https:\/\/sma-hundisburg.de\/#\/schema\/logo\/image\/\"},\"sameAs\":[\"https:\/\/www.facebook.com\/SommerMusikAkademie\/?locale=de_DE\",\"https:\/\/www.instagram.com\/sma_hundisburg\/?hl=de\",\"https:\/\/www.youtube.com\/channel\/UCjJ08ubrJuk1ncqvlX3iTdw\"]}]}<\/script>\n<!-- \/ Yoast SEO plugin. -->","yoast_head_json":{"title":"Unsere Sponsoren und Partner 2025 - SommerMusikAkademie Schloss Hundisburg","robots":{"index":"index","follow":"follow","max-snippet":"max-snippet:-1","max-image-preview":"max-image-preview:large","max-video-preview":"max-video-preview:-1"},"canonical":"https:\/\/sma-hundisburg.de\/en\/sponsoren\/","og_locale":"en_GB","og_type":"article","og_title":"Unsere Sponsoren und Partner 2025 - SommerMusikAkademie Schloss Hundisburg","og_description":"Die Grundfinanzierung... ... erfolgt durch die Stadt Haldensleben, den Landkreis B\u00f6rde und das Land Sachsen-Anhalt. Land Sachsen-Anhalt:&nbsp;www.sachsen-anhalt.deLandkreis B\u00f6rde:&nbsp;www.landkreis-boerde.deStadt Haldensleben:&nbsp;www.haldensleben.de Orchesterpate AXA-Versicherung Frank B\u00f6ttcher&nbsp; Meisterkurs-Partner Dr. Barbara und Dr. Michael ReiserRoland-Apotheke Haldensleben, Apotheker Alfred Schmidt Konzertpaten Agrar-Gsellschaft B\u00f6rde RottmerslebenBBT RA + StB MagdeburgFlatt Baumarkt-GmbH + Co.KGKreissparkasse B\u00f6rdePhilharmonische Gesellschaft MagdeburgRotary Club HaldenslebenStadtwerke HaldenslebenVolksbank eG Wolfenb\u00fcttel Kooperationspartner Ev. [&hellip;]","og_url":"https:\/\/sma-hundisburg.de\/en\/sponsoren\/","og_site_name":"SommerMusikAkademie Schloss Hundisburg","article_publisher":"https:\/\/www.facebook.com\/SommerMusikAkademie\/?locale=de_DE","article_modified_time":"2026-03-17T22:37:50+00:00","og_image":[{"width":900,"height":348,"url":"https:\/\/sma-hundisburg.de\/wp-content\/uploads\/2023\/07\/Haldensleben.png","type":"image\/png"}],"twitter_card":"summary_large_image","twitter_misc":{"Estimated reading time":"3 minutes"},"schema":{"@context":"https:\/\/schema.org","@graph":[{"@type":"WebPage","@id":"https:\/\/sma-hundisburg.de\/sponsoren\/","url":"https:\/\/sma-hundisburg.de\/sponsoren\/","name":"Unsere Sponsoren und Partner 2025 - SommerMusikAkademie Schloss Hundisburg","isPartOf":{"@id":"https:\/\/sma-hundisburg.de\/#website"},"primaryImageOfPage":{"@id":"https:\/\/sma-hundisburg.de\/sponsoren\/#primaryimage"},"image":{"@id":"https:\/\/sma-hundisburg.de\/sponsoren\/#primaryimage"},"thumbnailUrl":"https:\/\/sma-hundisburg.de\/wp-content\/uploads\/2023\/07\/Haldensleben.png","datePublished":"2022-12-08T17:11:36+00:00","dateModified":"2026-03-17T22:37:50+00:00","breadcrumb":{"@id":"https:\/\/sma-hundisburg.de\/sponsoren\/#breadcrumb"},"inLanguage":"en-GB","potentialAction":[{"@type":"ReadAction","target":["https:\/\/sma-hundisburg.de\/sponsoren\/"]}]},{"@type":"ImageObject","inLanguage":"en-GB","@id":"https:\/\/sma-hundisburg.de\/sponsoren\/#primaryimage","url":"https:\/\/sma-hundisburg.de\/wp-content\/uploads\/2023\/07\/Haldensleben.png","contentUrl":"https:\/\/sma-hundisburg.de\/wp-content\/uploads\/2023\/07\/Haldensleben.png"},{"@type":"BreadcrumbList","@id":"https:\/\/sma-hundisburg.de\/sponsoren\/#breadcrumb","itemListElement":[{"@type":"ListItem","position":1,"name":"Startseite","item":"https:\/\/sma-hundisburg.de\/"},{"@type":"ListItem","position":2,"name":"Unsere Sponsoren und Partner 2025"}]},{"@type":"WebSite","@id":"https:\/\/sma-hundisburg.de\/#website","url":"https:\/\/sma-hundisburg.de\/","name":"SommerMusikAkademie Schloss Hundisburg","description":"Die Homepage der SommerMusikAkademie Schloss Hundisburg","publisher":{"@id":"https:\/\/sma-hundisburg.de\/#organization"},"potentialAction":[{"@type":"SearchAction","target":{"@type":"EntryPoint","urlTemplate":"https:\/\/sma-hundisburg.de\/?s={search_term_string}"},"query-input":{"@type":"PropertyValueSpecification","valueRequired":true,"valueName":"search_term_string"}}],"inLanguage":"en-GB"},{"@type":"Organization","@id":"https:\/\/sma-hundisburg.de\/#organization","name":"SommerMusikAkademie Schloss Hundisburg","url":"https:\/\/sma-hundisburg.de\/","logo":{"@type":"ImageObject","inLanguage":"en-GB","@id":"https:\/\/sma-hundisburg.de\/#\/schema\/logo\/image\/","url":"https:\/\/sma-hundisburg.de\/wp-content\/uploads\/2022\/11\/logo.png","contentUrl":"https:\/\/sma-hundisburg.de\/wp-content\/uploads\/2022\/11\/logo.png","width":103,"height":50,"caption":"SommerMusikAkademie Schloss Hundisburg"},"image":{"@id":"https:\/\/sma-hundisburg.de\/#\/schema\/logo\/image\/"},"sameAs":["https:\/\/www.facebook.com\/SommerMusikAkademie\/?locale=de_DE","https:\/\/www.instagram.com\/sma_hundisburg\/?hl=de","https:\/\/www.youtube.com\/channel\/UCjJ08ubrJuk1ncqvlX3iTdw"]}]}},"_links":{"self":[{"href":"https:\/\/sma-hundisburg.de\/en\/wp-json\/wp\/v2\/pages\/915","targetHints":{"allow":["GET"]}}],"collection":[{"href":"https:\/\/sma-hundisburg.de\/en\/wp-json\/wp\/v2\/pages"}],"about":[{"href":"https:\/\/sma-hundisburg.de\/en\/wp-json\/wp\/v2\/types\/page"}],"author":[{"embeddable":true,"href":"https:\/\/sma-hundisburg.de\/en\/wp-json\/wp\/v2\/users\/1"}],"replies":[{"embeddable":true,"href":"https:\/\/sma-hundisburg.de\/en\/wp-json\/wp\/v2\/comments?post=915"}],"version-history":[{"count":10,"href":"https:\/\/sma-hundisburg.de\/en\/wp-json\/wp\/v2\/pages\/915\/revisions"}],"predecessor-version":[{"id":2829,"href":"https:\/\/sma-hundisburg.de\/en\/wp-json\/wp\/v2\/pages\/915\/revisions\/2829"}],"wp:attachment":[{"href":"https:\/\/sma-hundisburg.de\/en\/wp-json\/wp\/v2\/media?parent=915"}],"curies":[{"name":"wp","href":"https:\/\/api.w.org\/{rel}","templated":true}]}}