{"id":919,"date":"2022-12-08T18:12:55","date_gmt":"2022-12-08T17:12:55","guid":{"rendered":"https:\/\/sma-hundisburg.de\/?page_id=919"},"modified":"2023-01-14T16:12:21","modified_gmt":"2023-01-14T15:12:21","slug":"anfahrt","status":"publish","type":"page","link":"https:\/\/sma-hundisburg.de\/en\/anfahrt\/","title":{"rendered":"Anfahrt nach Hundisburg"},"content":{"rendered":"<p><\/p><iframe loading=\"lazy\" width=\"100%\" height=\"350\" frameborder=\"0\" scrolling=\"no\" marginheight=\"0\" marginwidth=\"0\" src=\"https:\/\/www.openstreetmap.org\/export\/embed.html?bbox=11.390225887298586%2C52.239797658210215%2C11.409623622894289%2C52.25881997928739&amp;layer=mapnik&amp;marker=52.24930983828821%2C11.399924755096436\" style=\"border: 1px solid black\"><\/iframe><br><small><a href=\"https:\/\/www.openstreetmap.org\/?mlat=52.2493&amp;mlon=11.3999#map=16\/52.2493\/11.3999\">Show larger map<\/a><\/small><p><\/p><h3 class=\"wp-block-heading\">Mit dem Auto<\/h3><p>Von Magdeburg \u00fcber die B71. Diese hinter Wedringen Richtung Haldensleben-S\u00fcd verlassen. Von der A2, Abfahrt Bornstedt, Richtung Haldensleben \u00fcber Rottmersleben nach Hundisburg. Von der A2, Abfahrt Eilsleben, auf B245 Richtung Haldensleben. Hinter Bebertal der Beschilderung folgend nach Hundisburg abzweigen.<\/p><h3 class=\"wp-block-heading\">Mit dem Zug<\/h3><p><strong>N\u00e4chster Bahnhof: Haldensleben<\/strong>&nbsp;mit S-Bahn von und nach Magdeburg (st\u00fcndlich) und Busverkehr (st\u00fcndlich). Regelm\u00e4\u00dfige Verbindungen bestehen auch Richtung Oebisfelde\/Wolfsburg.<\/p>","protected":false},"excerpt":{"rendered":"<p>Gr\u00f6\u00dfere Karte anzeigen Mit dem Auto Von Magdeburg \u00fcber die B71. Diese hinter Wedringen Richtung Haldensleben-S\u00fcd verlassen. Von der A2, Abfahrt Bornstedt, Richtung Haldensleben \u00fcber Rottmersleben nach Hundisburg. Von der A2, Abfahrt Eilsleben, auf B245 Richtung Haldensleben. Hinter Bebertal der Beschilderung folgend nach Hundisburg abzweigen. Mit dem Zug N\u00e4chster Bahnhof: Haldensleben&nbsp;mit S-Bahn von und nach [&hellip;]<\/p>","protected":false},"author":1,"featured_media":0,"parent":0,"menu_order":0,"comment_status":"closed","ping_status":"closed","template":"","meta":{"_acf_changed":false,"ct_builder_shortcodes":"","ct_template_type":"","ct_parent_template":0,"footnotes":""},"class_list":["post-919","page","type-page","status-publish","hentry"],"acf":[],"yoast_head":"<!-- This site is optimized with the Yoast SEO plugin v24.5 - https:\/\/yoast.com\/wordpress\/plugins\/seo\/ -->\n<title>Anfahrt nach Hundisburg - SommerMusikAkademie Schloss Hundisburg<\/title>\n<meta name=\"robots\" content=\"index, follow, max-snippet:-1, max-image-preview:large, max-video-preview:-1\" \/>\n<link rel=\"canonical\" href=\"https:\/\/sma-hundisburg.de\/en\/anfahrt\/\" \/>\n<meta property=\"og:locale\" content=\"en_GB\" \/>\n<meta property=\"og:type\" content=\"article\" \/>\n<meta property=\"og:title\" content=\"Anfahrt nach Hundisburg - SommerMusikAkademie Schloss Hundisburg\" \/>\n<meta property=\"og:description\" content=\"Gr\u00f6\u00dfere Karte anzeigen Mit dem Auto Von Magdeburg \u00fcber die B71. Diese hinter Wedringen Richtung Haldensleben-S\u00fcd verlassen. Von der A2, Abfahrt Bornstedt, Richtung Haldensleben \u00fcber Rottmersleben nach Hundisburg. Von der A2, Abfahrt Eilsleben, auf B245 Richtung Haldensleben. Hinter Bebertal der Beschilderung folgend nach Hundisburg abzweigen. Mit dem Zug N\u00e4chster Bahnhof: Haldensleben&nbsp;mit S-Bahn von und nach [&hellip;]\" \/>\n<meta property=\"og:url\" content=\"https:\/\/sma-hundisburg.de\/en\/anfahrt\/\" \/>\n<meta property=\"og:site_name\" content=\"SommerMusikAkademie Schloss Hundisburg\" \/>\n<meta property=\"article:publisher\" content=\"https:\/\/www.facebook.com\/SommerMusikAkademie\/?locale=de_DE\" \/>\n<meta property=\"article:modified_time\" content=\"2023-01-14T15:12:21+00:00\" \/>\n<meta name=\"twitter:card\" content=\"summary_large_image\" \/>\n<script type=\"application\/ld+json\" class=\"yoast-schema-graph\">{\"@context\":\"https:\/\/schema.org\",\"@graph\":[{\"@type\":\"WebPage\",\"@id\":\"https:\/\/sma-hundisburg.de\/anfahrt\/\",\"url\":\"https:\/\/sma-hundisburg.de\/anfahrt\/\",\"name\":\"Anfahrt nach Hundisburg - SommerMusikAkademie Schloss Hundisburg\",\"isPartOf\":{\"@id\":\"https:\/\/sma-hundisburg.de\/#website\"},\"datePublished\":\"2022-12-08T17:12:55+00:00\",\"dateModified\":\"2023-01-14T15:12:21+00:00\",\"breadcrumb\":{\"@id\":\"https:\/\/sma-hundisburg.de\/anfahrt\/#breadcrumb\"},\"inLanguage\":\"en-GB\",\"potentialAction\":[{\"@type\":\"ReadAction\",\"target\":[\"https:\/\/sma-hundisburg.de\/anfahrt\/\"]}]},{\"@type\":\"BreadcrumbList\",\"@id\":\"https:\/\/sma-hundisburg.de\/anfahrt\/#breadcrumb\",\"itemListElement\":[{\"@type\":\"ListItem\",\"position\":1,\"name\":\"Startseite\",\"item\":\"https:\/\/sma-hundisburg.de\/\"},{\"@type\":\"ListItem\",\"position\":2,\"name\":\"Anfahrt nach Hundisburg\"}]},{\"@type\":\"WebSite\",\"@id\":\"https:\/\/sma-hundisburg.de\/#website\",\"url\":\"https:\/\/sma-hundisburg.de\/\",\"name\":\"SommerMusikAkademie Schloss Hundisburg\",\"description\":\"Die Homepage der SommerMusikAkademie Schloss Hundisburg\",\"publisher\":{\"@id\":\"https:\/\/sma-hundisburg.de\/#organization\"},\"potentialAction\":[{\"@type\":\"SearchAction\",\"target\":{\"@type\":\"EntryPoint\",\"urlTemplate\":\"https:\/\/sma-hundisburg.de\/?s={search_term_string}\"},\"query-input\":{\"@type\":\"PropertyValueSpecification\",\"valueRequired\":true,\"valueName\":\"search_term_string\"}}],\"inLanguage\":\"en-GB\"},{\"@type\":\"Organization\",\"@id\":\"https:\/\/sma-hundisburg.de\/#organization\",\"name\":\"SommerMusikAkademie Schloss Hundisburg\",\"url\":\"https:\/\/sma-hundisburg.de\/\",\"logo\":{\"@type\":\"ImageObject\",\"inLanguage\":\"en-GB\",\"@id\":\"https:\/\/sma-hundisburg.de\/#\/schema\/logo\/image\/\",\"url\":\"https:\/\/sma-hundisburg.de\/wp-content\/uploads\/2022\/11\/logo.png\",\"contentUrl\":\"https:\/\/sma-hundisburg.de\/wp-content\/uploads\/2022\/11\/logo.png\",\"width\":103,\"height\":50,\"caption\":\"SommerMusikAkademie Schloss Hundisburg\"},\"image\":{\"@id\":\"https:\/\/sma-hundisburg.de\/#\/schema\/logo\/image\/\"},\"sameAs\":[\"https:\/\/www.facebook.com\/SommerMusikAkademie\/?locale=de_DE\",\"https:\/\/www.instagram.com\/sma_hundisburg\/?hl=de\",\"https:\/\/www.youtube.com\/channel\/UCjJ08ubrJuk1ncqvlX3iTdw\"]}]}<\/script>\n<!-- \/ Yoast SEO plugin. -->","yoast_head_json":{"title":"Anfahrt nach Hundisburg - SommerMusikAkademie Schloss Hundisburg","robots":{"index":"index","follow":"follow","max-snippet":"max-snippet:-1","max-image-preview":"max-image-preview:large","max-video-preview":"max-video-preview:-1"},"canonical":"https:\/\/sma-hundisburg.de\/en\/anfahrt\/","og_locale":"en_GB","og_type":"article","og_title":"Anfahrt nach Hundisburg - SommerMusikAkademie Schloss Hundisburg","og_description":"Gr\u00f6\u00dfere Karte anzeigen Mit dem Auto Von Magdeburg \u00fcber die B71. Diese hinter Wedringen Richtung Haldensleben-S\u00fcd verlassen. Von der A2, Abfahrt Bornstedt, Richtung Haldensleben \u00fcber Rottmersleben nach Hundisburg. Von der A2, Abfahrt Eilsleben, auf B245 Richtung Haldensleben. Hinter Bebertal der Beschilderung folgend nach Hundisburg abzweigen. Mit dem Zug N\u00e4chster Bahnhof: Haldensleben&nbsp;mit S-Bahn von und nach [&hellip;]","og_url":"https:\/\/sma-hundisburg.de\/en\/anfahrt\/","og_site_name":"SommerMusikAkademie Schloss Hundisburg","article_publisher":"https:\/\/www.facebook.com\/SommerMusikAkademie\/?locale=de_DE","article_modified_time":"2023-01-14T15:12:21+00:00","twitter_card":"summary_large_image","schema":{"@context":"https:\/\/schema.org","@graph":[{"@type":"WebPage","@id":"https:\/\/sma-hundisburg.de\/anfahrt\/","url":"https:\/\/sma-hundisburg.de\/anfahrt\/","name":"Anfahrt nach Hundisburg - SommerMusikAkademie Schloss Hundisburg","isPartOf":{"@id":"https:\/\/sma-hundisburg.de\/#website"},"datePublished":"2022-12-08T17:12:55+00:00","dateModified":"2023-01-14T15:12:21+00:00","breadcrumb":{"@id":"https:\/\/sma-hundisburg.de\/anfahrt\/#breadcrumb"},"inLanguage":"en-GB","potentialAction":[{"@type":"ReadAction","target":["https:\/\/sma-hundisburg.de\/anfahrt\/"]}]},{"@type":"BreadcrumbList","@id":"https:\/\/sma-hundisburg.de\/anfahrt\/#breadcrumb","itemListElement":[{"@type":"ListItem","position":1,"name":"Startseite","item":"https:\/\/sma-hundisburg.de\/"},{"@type":"ListItem","position":2,"name":"Anfahrt nach Hundisburg"}]},{"@type":"WebSite","@id":"https:\/\/sma-hundisburg.de\/#website","url":"https:\/\/sma-hundisburg.de\/","name":"SommerMusikAkademie Schloss Hundisburg","description":"Die Homepage der SommerMusikAkademie Schloss Hundisburg","publisher":{"@id":"https:\/\/sma-hundisburg.de\/#organization"},"potentialAction":[{"@type":"SearchAction","target":{"@type":"EntryPoint","urlTemplate":"https:\/\/sma-hundisburg.de\/?s={search_term_string}"},"query-input":{"@type":"PropertyValueSpecification","valueRequired":true,"valueName":"search_term_string"}}],"inLanguage":"en-GB"},{"@type":"Organization","@id":"https:\/\/sma-hundisburg.de\/#organization","name":"SommerMusikAkademie Schloss Hundisburg","url":"https:\/\/sma-hundisburg.de\/","logo":{"@type":"ImageObject","inLanguage":"en-GB","@id":"https:\/\/sma-hundisburg.de\/#\/schema\/logo\/image\/","url":"https:\/\/sma-hundisburg.de\/wp-content\/uploads\/2022\/11\/logo.png","contentUrl":"https:\/\/sma-hundisburg.de\/wp-content\/uploads\/2022\/11\/logo.png","width":103,"height":50,"caption":"SommerMusikAkademie Schloss Hundisburg"},"image":{"@id":"https:\/\/sma-hundisburg.de\/#\/schema\/logo\/image\/"},"sameAs":["https:\/\/www.facebook.com\/SommerMusikAkademie\/?locale=de_DE","https:\/\/www.instagram.com\/sma_hundisburg\/?hl=de","https:\/\/www.youtube.com\/channel\/UCjJ08ubrJuk1ncqvlX3iTdw"]}]}},"_links":{"self":[{"href":"https:\/\/sma-hundisburg.de\/en\/wp-json\/wp\/v2\/pages\/919","targetHints":{"allow":["GET"]}}],"collection":[{"href":"https:\/\/sma-hundisburg.de\/en\/wp-json\/wp\/v2\/pages"}],"about":[{"href":"https:\/\/sma-hundisburg.de\/en\/wp-json\/wp\/v2\/types\/page"}],"author":[{"embeddable":true,"href":"https:\/\/sma-hundisburg.de\/en\/wp-json\/wp\/v2\/users\/1"}],"replies":[{"embeddable":true,"href":"https:\/\/sma-hundisburg.de\/en\/wp-json\/wp\/v2\/comments?post=919"}],"version-history":[{"count":4,"href":"https:\/\/sma-hundisburg.de\/en\/wp-json\/wp\/v2\/pages\/919\/revisions"}],"predecessor-version":[{"id":1289,"href":"https:\/\/sma-hundisburg.de\/en\/wp-json\/wp\/v2\/pages\/919\/revisions\/1289"}],"wp:attachment":[{"href":"https:\/\/sma-hundisburg.de\/en\/wp-json\/wp\/v2\/media?parent=919"}],"curies":[{"name":"wp","href":"https:\/\/api.w.org\/{rel}","templated":true}]}}