{"id":923,"date":"2022-12-08T18:18:55","date_gmt":"2022-12-08T17:18:55","guid":{"rendered":"https:\/\/sma-hundisburg.de\/?page_id=923"},"modified":"2022-12-08T18:35:17","modified_gmt":"2022-12-08T17:35:17","slug":"orte","status":"publish","type":"page","link":"https:\/\/sma-hundisburg.de\/en\/orte\/","title":{"rendered":"Venues of the SummerMusicAcademy"},"content":{"rendered":"<p>Even though the SummerMusicAcademy marks only a rather brief chapter in the long history of Hundisburg Castle, it is an important one. The medieval Hunoldes castle (first mentioned in 1140) was fundamentally transformed twice: First prior to the Thirty Years\u2019 War, when a Renaissance castle was built within the old castle\u2019s walls. After 1693, the structure was expanded to the Baroque castle we know today. The second fundamental change occurred at the beginning of the 18th century, when a spectacular terraced garden was added, to which a 100-hectare park was subjoined in the 19th century.<\/p><p>A large part of the castle was destroyed in a devastating fire in 1945, after soviet troops were accommodated there. Despite several attempts to restore the damaged buildings in the 1960s, the entire estate was left to deteriorate. Part of the castle park was even used as a football field.<\/p><p>Castle Hundisburg was saved in 1991 when its restoration began thanks to the civic involvement and financial support of the European Union, the State, and the German Foundation for Monument Protection. The Baroque garden and accompanying park were also included in the reconstruction efforts. But it was not until the SummerMusicAcademy was brought to life by Rolf-Dieter Arens and the \u00bbKULTUR-Landschaft Haldensleben-Hundisburg\u00ab society in 1993, that this ongoing construction site was accepted by the greater public \u2014 the region\u2019s cultural highlight was born.<\/p><p>Ever since, the castle is gradually being restored, opening more and more of the site as a venue for the SummerMusicAcademy. Doors have been added to the ballroom and the garden hall, the academy and lecture rooms located in the estate\u2019s ring complex have been completed, and the construction of the Paris gate and fountain have added a finishing touch to the Baroque park. The restoration of the Baroque stucco ceiling in the Main Hall has without a doubt been the main event of the renovation efforts. It was unveiled for the SMA\u2019s 20th anniversary in 2012. The painter Christoph Wetzel utilised photographs from the 1930s and colour slides from the F\u00fchrer archive of monumental paintings (\u00bbF\u00fchrerbefehl Monumentalmalerei\u00ab) for the restoration.<\/p><p>The SummerMusicAcademy has long since expanded its reach beyond the castle grounds to a number of special sites and buildings throughout the town of Hundisburg, which now form an inherent part of the annual summer festivities. In addition to practicing a passion for high-class music, the SummerMusicAcademy Hundisburg Castle is a celebration of the venues where this music is performed.<\/p>","protected":false},"excerpt":{"rendered":"<p>Die SommerMusikAkademie macht einen verh\u00e4ltnism\u00e4\u00dfig kurzen Teil der Historie\u00a0Schloss Hundisburgs\u00a0aus \u2013 daf\u00fcr aber einen umso wichtigeren. Die mittelalterliche Hunoldesburg \u2013 im Jahr 1140 zum ersten Mal erw\u00e4hnt \u2013 wurde zweimal grundlegend umgestaltet: Vor dem Drei\u00dfigj\u00e4hrigen Krieg entstand in den Mauern der alten Burg ein Renaissanceschloss, das ab 1693 zu dem Barockschloss ausgebaut wurde, dessen Form [&hellip;]<\/p>","protected":false},"author":1,"featured_media":0,"parent":0,"menu_order":0,"comment_status":"closed","ping_status":"closed","template":"","meta":{"_acf_changed":false,"ct_builder_shortcodes":"[ct_section ct_sign_sha256='d1e0fd7f9414bcf2c7303a5207bdcf6042a93e1a569270161d8f3c7f46574478' ct_options='{\"ct_id\":2,\"ct_parent\":0,\"selector\":\"section-2-923\",\"original\":{\"image_type\":\"2\",\"attachment_size\":\"full\"},\"nicename\":\"Section (#2)\",\"activeselector\":false,\"ct_depth\":1}'][ct_div_block_2 ct_sign_sha256='fd1b22ddbe20d72649d8c5bb815c822fa64b224a6d4491a779b0b98ad0f30859' ct_options='{\"ct_id\":842,\"ct_parent\":2,\"selector\":\"div_block-842-923\",\"original\":{\"image_type\":\"2\",\"attachment_size\":\"full\",\"aos-enable\":\"true\",\"aos-once\":\"true\",\"aos-type\":\"fade-down\"},\"nicename\":\"Div (#842)\",\"activeselector\":false,\"media\":{\"page-width\":{\"original\":{\"width\":\"100\",\"width-unit\":\"%\",\"aos-enable\":\"false\",\"aos-type\":\"fade-down\",\"aos-once\":\"true\"}}},\"ct_depth\":2}'][ct_headline ct_sign_sha256='264d7d5b33d67f0d84c7614e7c41e3ee1de25dda40e5684afec06191683df923' ct_options='{\"ct_id\":3,\"ct_parent\":842,\"selector\":\"headline-3-923\",\"original\":{\"image_type\":\"2\",\"attachment_size\":\"full\",\"margin-bottom\":\"36\",\"aos-enable\":\"false\",\"aos-type\":\"fade-down\",\"font-family\":\"Arida\"},\"nicename\":\"Heading (#3)\",\"activeselector\":false,\"media\":{\"phone-portrait\":{\"original\":{\"font-size\":\"24\"}}},\"ct_depth\":3}'][ct_span ct_sign_sha256='1e653f0ff5073935320e581f9e4dc2150a1c85592926f770da88eaf91d88c7ad' ct_options='{\"ct_id\":5,\"ct_parent\":3,\"selector\":\"span-5-923\",\"nicename\":\"Span (#5)\",\"ct_depth\":4}'][oxygen ct_sign_sha256='39b30bee7b831c8eb50c2866b28fef1eaf87b75faf869b91d4b47205ce17df09' data='title' ][\/ct_span]<br>[\/ct_headline][\/ct_div_block_2][ct_div_block_2 ct_sign_sha256='62051dd892c11c8b7e3a74d81dc5b753915bc1b107dbcd0557388ae6b8a3e845' ct_options='{\"ct_id\":846,\"ct_parent\":2,\"selector\":\"div_block-846-923\",\"original\":{\"image_type\":\"2\",\"attachment_size\":\"full\",\"aos-enable\":\"true\",\"aos-type\":\"fade-up\",\"aos-once\":\"true\",\"conditionspreview\":\"2\",\"globalConditionsResult\":true},\"nicename\":\"Div (#846)\",\"media\":{\"page-width\":{\"original\":{\"width\":\"100\",\"width-unit\":\"%\",\"aos-enable\":\"false\",\"aos-type\":\"fade-up\",\"aos-once\":\"true\"}}},\"activeselector\":false,\"ct_depth\":2}'][ct_div_block_3 ct_sign_sha256='c074265a9c501e50a5920ef076a8c596930fabc38adea2058102e31f335b2212' ct_options='{\"ct_id\":877,\"ct_parent\":846,\"selector\":\"div_block-877-923\",\"nicename\":\"Accordion\",\"classes\":{\"0\":\"oxel_accordion\"},\"activeselector\":false,\"media\":{\"phone-portrait\":{\"original\":{\"width-unit\":\"%\"}}},\"original\":{\"width\":\"100\",\"width-unit\":\"%\"},\"ct_depth\":3}'][ct_code_block ct_sign_sha256='1aecec991ca30cc75879c47f66b62f267a7eae120cea882a82b5160108592021' ct_options='{\"ct_id\":878,\"ct_parent\":877,\"selector\":\"code_block-878-923\",\"original\":{\"code-php\":\"PCEtLSAtLT4=\",\"code-js\":\"Ly8qKiBPeHlnZW4gQ29tcG9zaXRlIEVsZW1lbnRzIFNldHRpbmdzIFNlY3Rpb24gKiovLwovLyoqIEVkaXQgdGhlIHZhcmlhYmxlcyBiZWxvdyB0byBjaGFuZ2UgdGhlIGJlaGF2aW9yIG9mIHRoZSBlbGVtZW50LiAqKi8vCgp2YXIgY2xvc2VPdGhlclRvZ2dsZXMgPSB0cnVlOyAvLyBTZXQgdGhpcyB0byB0cnVlIHRvIGNsb3NlIGFsbCBvdGhlciBhY2NvcmRpb25zIHdoZW4gYW4gYWNjb3JkaW9uIGlzIGV4cGFuZGVkLgoKLy8qKiBUaGF0J3MgaXQsIHN0b3AgZWRpdGluZyEgKiovCnZhciByZWFkeSA9IChjYWxsYmFjaykgPT4gewogIGlmIChkb2N1bWVudC5yZWFkeVN0YXRlICE9ICJsb2FkaW5nIikgY2FsbGJhY2soKTsKICBlbHNlIGRvY3VtZW50LmFkZEV2ZW50TGlzdGVuZXIoIkRPTUNvbnRlbnRMb2FkZWQiLCBjYWxsYmFjayk7Cn0KCnJlYWR5KCgpID0+IHsgCgkvLyBFeHBhbmQgdGhlIGNvbnRlbnQgd2hlbiByb3cgaXMgY2xpY2tlZC4KCWRvY3VtZW50LnF1ZXJ5U2VsZWN0b3JBbGwoJy5veGVsX2FjY29yZGlvbl9fcm93JykuZm9yRWFjaCggYWNjb3JkaW9uID0+IHsKCQlhY2NvcmRpb24uYWRkRXZlbnRMaXN0ZW5lcignY2xpY2snLCBmdW5jdGlvbihlKSB7CgkJCWFjY29yZGlvbi5jbGFzc0xpc3QudG9nZ2xlKCdveGVsX2FjY29yZGlvbl9fcm93LS1hY3RpdmUnKTsKCQkJYWNjb3JkaW9uLm5leHRFbGVtZW50U2libGluZy5jbGFzc0xpc3QudG9nZ2xlKCdveGVsX2FjY29yZGlvbl9fY29udGVudF9faGlkZGVuJyk7CgkJCQoJCQlpZiggY2xvc2VPdGhlclRvZ2dsZXMgPT0gdHJ1ZSApIHsKCQkJCWFjY29yZGlvbi5wYXJlbnRFbGVtZW50LnF1ZXJ5U2VsZWN0b3JBbGwoJy5veGVsX2FjY29yZGlvbl9fcm93LS1hY3RpdmUnKS5mb3JFYWNoKCByb3cgPT4gewoJCQkJCWlmKCByb3cgIT0gYWNjb3JkaW9uICkgeyAKCQkJCQkJcm93LmNsYXNzTGlzdC5yZW1vdmUoJ294ZWxfYWNjb3JkaW9uX19yb3ctLWFjdGl2ZScpOwoJCQkJCQlyb3cubmV4dEVsZW1lbnRTaWJsaW5nLmNsYXNzTGlzdC5hZGQoJ294ZWxfYWNjb3JkaW9uX19jb250ZW50X19oaWRkZW4nKTsKCQkJCQl9CgkJCQl9KTsKCQkJfQoJCX0pCgl9KQoKfSk7Cgo=\",\"code-css\":\"Ym9keS5uZy1zY29wZSAub3hlbF9hY2NvcmRpb25fX2NvbnRlbnRfX2hpZGRlbiB7CgltYXgtaGVpZ2h0OiAxMDAwMHB4OwoJb3BhY2l0eTogMTsKCW1hcmdpbi10b3A6IDBweDsKCXotaW5kZXg6IDE7Cn0KCi5veGVsX2FjY29yZGlvbl9fcm93LS1hY3RpdmUgPiAub3hlbF9hY2NvcmRpb25fX2ljb24gewoJdHJhbnNmb3JtOiByb3RhdGUoMTgwZGVnKTsKfQ==\"},\"nicename\":\"Accordion Code\",\"activeselector\":false,\"ct_depth\":4}'][\/ct_code_block][ct_div_block_4 ct_sign_sha256='5af3aee9cc4b201a0719e335b10bba067a6e56493c23eabd02bfac7a4f0dac2d' ct_options='{\"ct_id\":879,\"ct_parent\":877,\"selector\":\"div_block-879-923\",\"classes\":{\"0\":\"oxel_accordion__row\",\"1\":\"accordion-row-custom\"},\"nicename\":\"Accordion Row\",\"activeselector\":\"accordion-row-custom\",\"ct_depth\":4}'][ct_div_block_5 ct_sign_sha256='ee943f95f13d4ebec6f54e8f8edcdc42122da2556a4f5e1d9bc36965d0f2c743' ct_options='{\"ct_id\":880,\"ct_parent\":879,\"selector\":\"div_block-880-923\",\"classes\":{\"0\":\"oxel_accordion__row_left\"},\"activeselector\":false,\"nicename\":\"Div (#880)\",\"original\":{\"text-align\":\"right\",\"align-items\":\"center\",\"width-unit\":\"%\",\"width\":\"100\"},\"ct_depth\":5}'][ct_fancy_icon ct_sign_sha256='782e3fe1ae0e894116be569b1735aef4392c6df34e02cd7668973afc5e27f587' ct_options='{\"ct_id\":881,\"ct_parent\":880,\"selector\":\"fancy_icon-881-923\",\"original\":{\"icon-id\":\"Lineariconsicon-bubble\",\"margin-left\":\"12\"},\"classes\":{\"0\":\"oxel_accordion__icon\",\"1\":\"accrdion-row-icon-custom\"},\"activeselector\":false,\"nicename\":\"Icon (#881)\",\"media\":{\"tablet\":{\"original\":{\"icon-size\":\"33\"}},\"phone-portrait\":{\"original\":{\"margin-left\":\"6\"}}},\"ct_depth\":6}'][\/ct_fancy_icon][ct_text_block ct_sign_sha256='b91bcc51dd74c4ce2f63b4cbcc0b658649e10bdfc04c2219927efb57abb35240' ct_options='{\"ct_id\":882,\"ct_parent\":880,\"selector\":\"text_block-882-923\",\"classes\":{\"0\":\"oxel_accordion__row__label\"},\"activeselector\":false,\"nicename\":\"Text (#882)\",\"original\":{\"margin-left\":\"25\"},\"media\":{\"phone-landscape\":{\"original\":{\"font-size\":\"18\",\"margin-left\":\"16\"}},\"phone-portrait\":{\"original\":{\"font-size\":\"12\",\"margin-left\":\"5\"}}},\"ct_depth\":6}']Entwicklungsgeschichte[\/ct_text_block][\/ct_div_block_5][ct_fancy_icon ct_sign_sha256='f8427a053f89cf6dda2e2db8dba39fd7b40220fac0637c801e1cb01c93368b6b' ct_options='{\"ct_id\":883,\"ct_parent\":879,\"selector\":\"fancy_icon-883-923\",\"original\":{\"icon-id\":\"Lineariconsicon-chevron-down\",\"margin-left\":\"12\"},\"classes\":{\"0\":\"oxel_accordion__icon\",\"1\":\"accordion-profil-custom-arrow\"},\"activeselector\":false,\"nicename\":\"Icon (#883)\",\"ct_depth\":5}'][\/ct_fancy_icon][\/ct_div_block_4][ct_div_block_4 ct_sign_sha256='018ea707f11b73e022355c1f595de33fabebc601746c6d544f9d212fd5ac9868' ct_options='{\"ct_id\":884,\"ct_parent\":877,\"selector\":\"div_block-884-923\",\"classes\":{\"0\":\"oxel_accordion__content\",\"1\":\"oxel_accordion__content__hidden\"},\"nicename\":\"Accordion Content\",\"activeselector\":\"oxel_accordion__content\",\"original\":{\"conditionspreview\":\"2\",\"globalConditionsResult\":true},\"ct_depth\":4}'][ct_div_block_5 ct_sign_sha256='dd8b234ba597019ab56290d94c56504b35dc59c465cd225f78dcdda42421e870' ct_options='{\"ct_id\":885,\"ct_parent\":884,\"selector\":\"div_block-885-923\",\"original\":{\"flex-direction\":\"row\",\"display\":\"flex\",\"flex-wrap\":\"wrap\"},\"nicename\":\"Div (#885)\",\"ct_depth\":5}'][ct_text_block ct_sign_sha256='05dde486fc406598b8c9b5f2b64d84b6b70580dcc23d5400354342177bc7691b' ct_options='{\"ct_id\":8,\"ct_parent\":885,\"selector\":\"text_block-8-923\",\"original\":{\"image_type\":\"2\",\"attachment_size\":\"full\",\"font-size\":\"1.4\",\"font-size-unit\":\"rem\",\"text-align\":\"justify\",\"padding-left\":\"24\",\"padding-right\":\"24\",\"padding-top\":\"12\",\"padding-bottom\":\"12\"},\"nicename\":\"Text (#8)\",\"activeselector\":false,\"media\":{\"page-width\":{\"original\":{\"font-size\":\"20\",\"font-size-unit\":\"px\"}},\"tablet\":{\"original\":{\"padding-left\":\"12\",\"padding-right\":\"12\",\"padding-bottom\":\"0\",\"padding-top\":\"0\",\"font-size\":\"18\"}},\"phone-landscape\":{\"original\":{\"font-size\":\"16\",\"padding-left\":\"6\",\"padding-right\":\"6\"}},\"phone-portrait\":{\"original\":{\"font-size\":\"18\"}}},\"ct_depth\":6}'][ct_span ct_sign_sha256='d881cdfd00444cbd0fc1c25554b8893cdf53e38b58b8c13d5819933624ab5be2' ct_options='{\"ct_id\":9,\"ct_parent\":8,\"selector\":\"span-9-923\",\"nicename\":\"Span (#9)\",\"classes\":{\"0\":\"oxy-stock-content-styles\"},\"ct_depth\":7}'][oxygen ct_sign_sha256='fb36a21b192866834765bdb89869a681f7bf78f7571e5c4f0bc6933e87f0adca' data='content' ][\/ct_span]<br>[\/ct_text_block][\/ct_div_block_5][\/ct_div_block_4][\/ct_div_block_3][\/ct_div_block_2][ct_div_block_2 ct_sign_sha256='9b525eb7a0b3ab5dc35791832cf0296c2c920ff01f3f64f560371ab736581085' ct_options='{\"ct_id\":837,\"ct_parent\":2,\"selector\":\"div_block-837-923\",\"original\":{\"display\":\"flex\",\"flex-direction\":\"row\",\"align-items\":\"center\",\"justify-content\":\"center\",\"text-align\":\"center\"},\"activeselector\":false,\"nicename\":\"Horizontal Divider\",\"media\":{\"page-width\":{\"original\":{\"margin-bottom\":\"36\"}}},\"classes\":{\"0\":\"oxel_horizontal_divider\"},\"ct_depth\":2}'][ct_code_block ct_sign_sha256='7133ab8e0a06adb0a72c54030c815b4818755baa6fa0fcd9dc7e13b61a096286' ct_options='{\"ct_id\":838,\"ct_parent\":837,\"selector\":\"code_block-838-923\",\"original\":{\"code-php\":\"PCEtLSAtLT4=\",\"code-css\":\"Lm94ZWxfaG9yaXpvbnRhbF9kaXZpZGVyX19saW5lIHsKZmxleC1ncm93OiAxOwp9\"},\"nicename\":\"Left Line\",\"classes\":{\"0\":\"oxel_horizontal_divider__line\"},\"ct_depth\":3}'][\/ct_code_block][ct_fancy_icon ct_sign_sha256='bdcc9e0ed2d05eeb13aca770080fa49bda54b3819638b36257658f2f286c73e4' ct_options='{\"ct_id\":839,\"ct_parent\":837,\"selector\":\"fancy_icon-839-923\",\"original\":{\"icon-background-color\":\"color(56)\",\"icon-padding\":\"8\",\"icon-id\":\"FontAwesomeicon-dot-circle-o\",\"icon-style\":\"3\",\"margin-left\":\"16\",\"margin-right\":\"16\"},\"nicename\":\"Center Element\",\"classes\":{\"0\":\"oxel_horizontal_divider__icon\"},\"ct_depth\":3}'][\/ct_fancy_icon][ct_code_block ct_sign_sha256='9fb74e98b36a236ac6b2c7e60818aa9cfa6145995266eab49833f4123db76b82' ct_options='{\"ct_id\":840,\"ct_parent\":837,\"selector\":\"code_block-840-923\",\"original\":{\"code-php\":\"PCEtLSAtLT4=\"},\"nicename\":\"Right Line\",\"classes\":{\"0\":\"oxel_horizontal_divider__line\"},\"ct_depth\":3}'][\/ct_code_block][\/ct_div_block_2][oxy_dynamic_list_2 ct_sign_sha256='1b88cc1994d1a4b14c3422cc67bdd55f8713e069ef5724d0d39281a0ffa60a57' ct_options='{\"ct_id\":577,\"ct_parent\":2,\"selector\":\"_dynamic_list-577-923\",\"original\":{\"display\":\"grid\",\"image_type\":\"2\",\"attachment_size\":\"full\",\"wp_query\":\"custom\",\"query_post_types\":{\"0\":\"orte\"},\"grid-column-min-width-unit\":\"%\",\"grid-child-rules\":{},\"grid-column-count\":\"3\"},\"activeselector\":false,\"nicename\":\"Repeater (#577)\",\"media\":{\"page-width\":{\"original\":{\"aos-enable\":\"false\",\"aos-type\":\"fade-up\"}},\"phone-landscape\":{\"original\":{\"display\":\"grid\",\"grid-column-count\":\"2\"}},\"phone-portrait\":{\"original\":{\"display\":\"grid\",\"grid-column-count\":\"1\"}}},\"ct_depth\":2}'][ct_div_block_3 ct_sign_sha256='7df9ff55881dc14fc368ff918b4248837ed738e74794533997a418dc39d1d378' ct_options='{\"ct_id\":578,\"ct_parent\":577,\"selector\":\"div_block-578-923\",\"original\":{\"width-unit\":\"%\",\"grid-column-count\":\"2\",\"grid-columns-auto-fit\":\"false\",\"display\":\"flex\",\"flex-direction\":\"column\",\"width\":\"100\",\"min-width\":\"100\",\"min-width-unit\":\"%\",\"background-image\":\"[oxygen ct_sign_sha256='a67d7ab537572ca7611f1140b06de967294663de7f6b5f220576a1b75b9ed002' data='featured_image' ]\",\"background-imagedynamic\":true,\"background-size\":\"cover\",\"overlay-color\":\"rgba(35,35,45,0.35)\",\"text-align\":\"left\",\"align-items\":\"center\",\"justify-content\":\"center\",\"padding-top\":\"24\",\"padding-right\":\"24\",\"padding-bottom\":\"24\",\"padding-left\":\"24\",\"height\":\"300\"},\"nicename\":\"Div (#578)\",\"activeselector\":false,\"ct_depth\":3}'][ct_link_button ct_sign_sha256='b8fb3cfccb0dd1a67ded0a2da2c587e61cb0b53e5cf817294a5d51d970bd6fe5' ct_options='{\"ct_id\":731,\"ct_parent\":578,\"selector\":\"link_button-731-923\",\"original\":{\"image_type\":\"2\",\"attachment_size\":\"full\",\"button-color\":\"rgba(255,255,255,0.71)\",\"border-radius\":\"8\",\"url\":\"[oxygen ct_sign_sha256='afb8b13ed6051bfde77e93382218355d5ea64ed09aa94df10f43633b9f34e2d3' data='permalink' ]\",\"border-top-style\":\"solid\",\"border-right-style\":\"solid\",\"border-bottom-style\":\"solid\",\"border-left-style\":\"solid\",\"border-all-style\":\"solid\",\"border-top-color\":\"color(41)\",\"border-right-color\":\"color(41)\",\"border-bottom-color\":\"color(41)\",\"border-left-color\":\"color(41)\",\"border-all-color\":\"color(41)\",\"transition-duration\":\"0.4\",\"padding-top\":\"12\",\"button-text-color\":\"color(43)\",\"button-hover_color\":\"color(57)\",\"font-weight\":\"700\",\"font-size\":\"20\",\"url_encoded\":\"true\"},\"nicename\":\"Button (#731)\",\"hover\":{\"button-color\":\"color(57)\"},\"activeselector\":false,\"ct_depth\":4}'][ct_span ct_sign_sha256='f389ad841d0de8ba6c2aae7e613417744ea0561f89ffad350a6efb80c331411a' ct_options='{\"ct_id\":780,\"ct_parent\":731,\"selector\":\"span-780-923\",\"nicename\":\"Span (#780)\",\"ct_depth\":5}'][oxygen ct_sign_sha256='39b30bee7b831c8eb50c2866b28fef1eaf87b75faf869b91d4b47205ce17df09' data='title' ][\/ct_span]<br>[\/ct_link_button][\/ct_div_block_3][\/oxy_dynamic_list_2][\/ct_section]","ct_template_type":"","ct_parent_template":0,"footnotes":""},"class_list":["post-923","page","type-page","status-publish","hentry"],"acf":[],"yoast_head":"<!-- This site is optimized with the Yoast SEO plugin v24.5 - https:\/\/yoast.com\/wordpress\/plugins\/seo\/ -->\n<title>Die Orte der SommerMusikAkademie - SommerMusikAkademie Schloss Hundisburg<\/title>\n<meta name=\"robots\" content=\"index, follow, max-snippet:-1, max-image-preview:large, max-video-preview:-1\" \/>\n<link rel=\"canonical\" href=\"https:\/\/sma-hundisburg.de\/en\/orte\/\" \/>\n<meta property=\"og:locale\" content=\"en_GB\" \/>\n<meta property=\"og:type\" content=\"article\" \/>\n<meta property=\"og:title\" content=\"Die Orte der SommerMusikAkademie - SommerMusikAkademie Schloss Hundisburg\" \/>\n<meta property=\"og:description\" content=\"Die SommerMusikAkademie macht einen verh\u00e4ltnism\u00e4\u00dfig kurzen Teil der Historie\u00a0Schloss Hundisburgs\u00a0aus \u2013 daf\u00fcr aber einen umso wichtigeren. Die mittelalterliche Hunoldesburg \u2013 im Jahr 1140 zum ersten Mal erw\u00e4hnt \u2013 wurde zweimal grundlegend umgestaltet: Vor dem Drei\u00dfigj\u00e4hrigen Krieg entstand in den Mauern der alten Burg ein Renaissanceschloss, das ab 1693 zu dem Barockschloss ausgebaut wurde, dessen Form [&hellip;]\" \/>\n<meta property=\"og:url\" content=\"https:\/\/sma-hundisburg.de\/en\/orte\/\" \/>\n<meta property=\"og:site_name\" content=\"SommerMusikAkademie Schloss Hundisburg\" \/>\n<meta property=\"article:publisher\" content=\"https:\/\/www.facebook.com\/SommerMusikAkademie\/?locale=de_DE\" \/>\n<meta property=\"article:modified_time\" content=\"2022-12-08T17:35:17+00:00\" \/>\n<meta name=\"twitter:card\" content=\"summary_large_image\" \/>\n<meta name=\"twitter:label1\" content=\"Estimated reading time\" \/>\n\t<meta name=\"twitter:data1\" content=\"2 minutes\" \/>\n<script type=\"application\/ld+json\" class=\"yoast-schema-graph\">{\"@context\":\"https:\/\/schema.org\",\"@graph\":[{\"@type\":\"WebPage\",\"@id\":\"https:\/\/sma-hundisburg.de\/orte\/\",\"url\":\"https:\/\/sma-hundisburg.de\/orte\/\",\"name\":\"Die Orte der SommerMusikAkademie - SommerMusikAkademie Schloss Hundisburg\",\"isPartOf\":{\"@id\":\"https:\/\/sma-hundisburg.de\/#website\"},\"datePublished\":\"2022-12-08T17:18:55+00:00\",\"dateModified\":\"2022-12-08T17:35:17+00:00\",\"breadcrumb\":{\"@id\":\"https:\/\/sma-hundisburg.de\/orte\/#breadcrumb\"},\"inLanguage\":\"en-GB\",\"potentialAction\":[{\"@type\":\"ReadAction\",\"target\":[\"https:\/\/sma-hundisburg.de\/orte\/\"]}]},{\"@type\":\"BreadcrumbList\",\"@id\":\"https:\/\/sma-hundisburg.de\/orte\/#breadcrumb\",\"itemListElement\":[{\"@type\":\"ListItem\",\"position\":1,\"name\":\"Startseite\",\"item\":\"https:\/\/sma-hundisburg.de\/\"},{\"@type\":\"ListItem\",\"position\":2,\"name\":\"Die Orte der SommerMusikAkademie\"}]},{\"@type\":\"WebSite\",\"@id\":\"https:\/\/sma-hundisburg.de\/#website\",\"url\":\"https:\/\/sma-hundisburg.de\/\",\"name\":\"SommerMusikAkademie Schloss Hundisburg\",\"description\":\"Die Homepage der SommerMusikAkademie Schloss Hundisburg\",\"publisher\":{\"@id\":\"https:\/\/sma-hundisburg.de\/#organization\"},\"potentialAction\":[{\"@type\":\"SearchAction\",\"target\":{\"@type\":\"EntryPoint\",\"urlTemplate\":\"https:\/\/sma-hundisburg.de\/?s={search_term_string}\"},\"query-input\":{\"@type\":\"PropertyValueSpecification\",\"valueRequired\":true,\"valueName\":\"search_term_string\"}}],\"inLanguage\":\"en-GB\"},{\"@type\":\"Organization\",\"@id\":\"https:\/\/sma-hundisburg.de\/#organization\",\"name\":\"SommerMusikAkademie Schloss Hundisburg\",\"url\":\"https:\/\/sma-hundisburg.de\/\",\"logo\":{\"@type\":\"ImageObject\",\"inLanguage\":\"en-GB\",\"@id\":\"https:\/\/sma-hundisburg.de\/#\/schema\/logo\/image\/\",\"url\":\"https:\/\/sma-hundisburg.de\/wp-content\/uploads\/2022\/11\/logo.png\",\"contentUrl\":\"https:\/\/sma-hundisburg.de\/wp-content\/uploads\/2022\/11\/logo.png\",\"width\":103,\"height\":50,\"caption\":\"SommerMusikAkademie Schloss Hundisburg\"},\"image\":{\"@id\":\"https:\/\/sma-hundisburg.de\/#\/schema\/logo\/image\/\"},\"sameAs\":[\"https:\/\/www.facebook.com\/SommerMusikAkademie\/?locale=de_DE\",\"https:\/\/www.instagram.com\/sma_hundisburg\/?hl=de\",\"https:\/\/www.youtube.com\/channel\/UCjJ08ubrJuk1ncqvlX3iTdw\"]}]}<\/script>\n<!-- \/ Yoast SEO plugin. -->","yoast_head_json":{"title":"Die Orte der SommerMusikAkademie - SommerMusikAkademie Schloss Hundisburg","robots":{"index":"index","follow":"follow","max-snippet":"max-snippet:-1","max-image-preview":"max-image-preview:large","max-video-preview":"max-video-preview:-1"},"canonical":"https:\/\/sma-hundisburg.de\/en\/orte\/","og_locale":"en_GB","og_type":"article","og_title":"Die Orte der SommerMusikAkademie - SommerMusikAkademie Schloss Hundisburg","og_description":"Die SommerMusikAkademie macht einen verh\u00e4ltnism\u00e4\u00dfig kurzen Teil der Historie\u00a0Schloss Hundisburgs\u00a0aus \u2013 daf\u00fcr aber einen umso wichtigeren. Die mittelalterliche Hunoldesburg \u2013 im Jahr 1140 zum ersten Mal erw\u00e4hnt \u2013 wurde zweimal grundlegend umgestaltet: Vor dem Drei\u00dfigj\u00e4hrigen Krieg entstand in den Mauern der alten Burg ein Renaissanceschloss, das ab 1693 zu dem Barockschloss ausgebaut wurde, dessen Form [&hellip;]","og_url":"https:\/\/sma-hundisburg.de\/en\/orte\/","og_site_name":"SommerMusikAkademie Schloss Hundisburg","article_publisher":"https:\/\/www.facebook.com\/SommerMusikAkademie\/?locale=de_DE","article_modified_time":"2022-12-08T17:35:17+00:00","twitter_card":"summary_large_image","twitter_misc":{"Estimated reading time":"2 minutes"},"schema":{"@context":"https:\/\/schema.org","@graph":[{"@type":"WebPage","@id":"https:\/\/sma-hundisburg.de\/orte\/","url":"https:\/\/sma-hundisburg.de\/orte\/","name":"Die Orte der SommerMusikAkademie - SommerMusikAkademie Schloss Hundisburg","isPartOf":{"@id":"https:\/\/sma-hundisburg.de\/#website"},"datePublished":"2022-12-08T17:18:55+00:00","dateModified":"2022-12-08T17:35:17+00:00","breadcrumb":{"@id":"https:\/\/sma-hundisburg.de\/orte\/#breadcrumb"},"inLanguage":"en-GB","potentialAction":[{"@type":"ReadAction","target":["https:\/\/sma-hundisburg.de\/orte\/"]}]},{"@type":"BreadcrumbList","@id":"https:\/\/sma-hundisburg.de\/orte\/#breadcrumb","itemListElement":[{"@type":"ListItem","position":1,"name":"Startseite","item":"https:\/\/sma-hundisburg.de\/"},{"@type":"ListItem","position":2,"name":"Die Orte der SommerMusikAkademie"}]},{"@type":"WebSite","@id":"https:\/\/sma-hundisburg.de\/#website","url":"https:\/\/sma-hundisburg.de\/","name":"SommerMusikAkademie Schloss Hundisburg","description":"Die Homepage der SommerMusikAkademie Schloss Hundisburg","publisher":{"@id":"https:\/\/sma-hundisburg.de\/#organization"},"potentialAction":[{"@type":"SearchAction","target":{"@type":"EntryPoint","urlTemplate":"https:\/\/sma-hundisburg.de\/?s={search_term_string}"},"query-input":{"@type":"PropertyValueSpecification","valueRequired":true,"valueName":"search_term_string"}}],"inLanguage":"en-GB"},{"@type":"Organization","@id":"https:\/\/sma-hundisburg.de\/#organization","name":"SommerMusikAkademie Schloss Hundisburg","url":"https:\/\/sma-hundisburg.de\/","logo":{"@type":"ImageObject","inLanguage":"en-GB","@id":"https:\/\/sma-hundisburg.de\/#\/schema\/logo\/image\/","url":"https:\/\/sma-hundisburg.de\/wp-content\/uploads\/2022\/11\/logo.png","contentUrl":"https:\/\/sma-hundisburg.de\/wp-content\/uploads\/2022\/11\/logo.png","width":103,"height":50,"caption":"SommerMusikAkademie Schloss Hundisburg"},"image":{"@id":"https:\/\/sma-hundisburg.de\/#\/schema\/logo\/image\/"},"sameAs":["https:\/\/www.facebook.com\/SommerMusikAkademie\/?locale=de_DE","https:\/\/www.instagram.com\/sma_hundisburg\/?hl=de","https:\/\/www.youtube.com\/channel\/UCjJ08ubrJuk1ncqvlX3iTdw"]}]}},"_links":{"self":[{"href":"https:\/\/sma-hundisburg.de\/en\/wp-json\/wp\/v2\/pages\/923","targetHints":{"allow":["GET"]}}],"collection":[{"href":"https:\/\/sma-hundisburg.de\/en\/wp-json\/wp\/v2\/pages"}],"about":[{"href":"https:\/\/sma-hundisburg.de\/en\/wp-json\/wp\/v2\/types\/page"}],"author":[{"embeddable":true,"href":"https:\/\/sma-hundisburg.de\/en\/wp-json\/wp\/v2\/users\/1"}],"replies":[{"embeddable":true,"href":"https:\/\/sma-hundisburg.de\/en\/wp-json\/wp\/v2\/comments?post=923"}],"version-history":[{"count":3,"href":"https:\/\/sma-hundisburg.de\/en\/wp-json\/wp\/v2\/pages\/923\/revisions"}],"predecessor-version":[{"id":926,"href":"https:\/\/sma-hundisburg.de\/en\/wp-json\/wp\/v2\/pages\/923\/revisions\/926"}],"wp:attachment":[{"href":"https:\/\/sma-hundisburg.de\/en\/wp-json\/wp\/v2\/media?parent=923"}],"curies":[{"name":"wp","href":"https:\/\/api.w.org\/{rel}","templated":true}]}}